{"id":42959,"date":"2019-09-17T15:01:50","date_gmt":"2019-09-17T13:01:50","guid":{"rendered":"https:\/\/edusharing.aflahaye.nl\/wordpress\/drama-classes\/"},"modified":"2026-01-27T11:57:17","modified_gmt":"2026-01-27T10:57:17","slug":"drama-classes","status":"publish","type":"page","link":"https:\/\/www.aflahaye.nl\/en\/french-course\/workshops\/drama-classes\/","title":{"rendered":"Drama classes"},"content":{"rendered":"<div class=\"wpb-content-wrapper\"><p>[vc_row disable_custom_paddings_mobile=&#8221;true&#8221; css=&#8221;.vc_custom_1570088703465{margin-top: -10px !important;margin-bottom: 0px !important;}&#8221; el_id=&#8221;details&#8221;][vc_column]<div id=\"fullwidth-block-6a02be0655e90\" class=\"fullwidth-block clearfix\"  style=\"padding-top: -20px;\"><script type=\"text\/javascript\">if (typeof(gem_fix_fullwidth_position) == \"function\") { gem_fix_fullwidth_position(document.getElementById(\"fullwidth-block-6a02be0655e90\")); }<\/script><div class=\"fullwidth-block-inner\"><div class=\"container\">[vc_row_inner equal_height=&#8221;yes&#8221;][vc_column_inner width=&#8221;2\/3&#8243;][vc_column_text css_animation=&#8221;top-to-bottom&#8221;]<\/p>\n<h1>Drama classes<\/h1>\n<p>[\/vc_column_text]<div class=\"clearboth\"><\/div><style>#thegem-divider-6a02be0655f33 {margin-top: 30px !important;}<\/style><div id=\"thegem-divider-6a02be0655f33\" class=\"gem-divider  \" style=\"\" ><\/div>[vc_separator color=&#8221;custom&#8221; align=&#8221;align_left&#8221; el_width=&#8221;30&#8243; accent_color=&#8221;#d90f31&#8243;]<div class=\"clearboth\"><\/div><style>#thegem-divider-6a02be0655f7e {margin-top: 30px !important;}<\/style><div id=\"thegem-divider-6a02be0655f7e\" class=\"gem-divider  \" style=\"\" ><\/div>[vc_column_text css=&#8221;&#8221; css_animation=&#8221;top-to-bottom&#8221;]<\/p>\n<div class=\"small-body\">\n<p data-start=\"40\" data-end=\"193\"><strong data-start=\"40\" data-end=\"79\">The Alliance Fran\u00e7aise of The Hague<\/strong> has been offering a variety of theatre courses for more than 10 years, open to all levels of theatrical skills.<\/p>\n<p data-start=\"195\" data-end=\"492\">There is an amateur adult troupe, <strong data-start=\"229\" data-end=\"255\">Th\u00e9\u00e2tre de l\u2019Avalanche<\/strong>, which stages at least one production per year. Both French speakers and francophiles are welcome, provided they have at least an advanced B2 level in French. The project is already fully cast until April 2026. &gt;&gt; <strong data-start=\"470\" data-end=\"490\">Registration (1)<\/strong><\/p>\n<p data-start=\"494\" data-end=\"748\">For adults who would like to experience theatre but cannot commit to a year-long production, there is a bi-monthly course called <strong data-start=\"623\" data-end=\"645\">Th\u00e9\u00e2tre \u00e0 la carte<\/strong>. It focuses on acting techniques, improvisation skills, and public speaking. &gt;&gt; <strong data-start=\"726\" data-end=\"746\">Registration (2)<\/strong><\/p>\n<hr data-start=\"750\" data-end=\"753\" \/>\n<h3 data-start=\"755\" data-end=\"832\">&gt;&gt; Registration (1): Th\u00e9\u00e2tre de l\u2019Avalanche: Saturdays \u2013 10 am to 12 pm<\/h3>\n<p data-start=\"834\" data-end=\"865\">You have two payment options:<\/p>\n<ul data-start=\"867\" data-end=\"1082\">\n<li data-start=\"867\" data-end=\"979\">\n<p data-start=\"869\" data-end=\"979\"><strong data-start=\"869\" data-end=\"899\">Option 1: One-time payment<\/strong> = \u20ac350 for 48 hours of classes, from September 2025 to the end of March 2026.<\/p>\n<\/li>\n<li data-start=\"980\" data-end=\"1082\">\n<p data-start=\"982\" data-end=\"1082\"><strong data-start=\"982\" data-end=\"1011\">Option 2: Monthly payment<\/strong> = \u20ac50 per month (still for a total of 48 hours from 09\/25 to 03\/26).<\/p>\n<\/li>\n<\/ul>\n<hr data-start=\"1084\" data-end=\"1087\" \/>\n<h3 data-start=\"1089\" data-end=\"1176\">&gt;&gt; Registration (2): Th\u00e9\u00e2tre \u00e0 la carte: Every other Tuesday \u2013 6:30 pm to 8:30 pm<\/h3>\n<p data-start=\"1178\" data-end=\"1209\">You have two payment options:<\/p>\n<ul data-start=\"1211\" data-end=\"1388\">\n<li data-start=\"1211\" data-end=\"1326\">\n<p data-start=\"1213\" data-end=\"1326\"><strong data-start=\"1213\" data-end=\"1243\">Option 1: One-time payment<\/strong> = \u20ac199 for 16 hours of classes, from September to December and from January to May.<\/p>\n<\/li>\n<li data-start=\"1327\" data-end=\"1388\">\n<p data-start=\"1329\" data-end=\"1388\"><strong data-start=\"1329\" data-end=\"1356\">Option 2: Pay-per-class<\/strong> = \u20ac35 (\u20ac29 for AFLH members).<\/p>\n<\/li>\n<\/ul>\n<\/div>\n<p>[\/vc_column_text][\/vc_column_inner][vc_column_inner width=&#8221;1\/3&#8243;][vc_single_image image=&#8221;35416&#8243; img_size=&#8221;medium&#8221; alignment=&#8221;center&#8221;]<div class=\"gem-youtube gem-wrapbox gem-wrapbox-style-1 rounded-corners shadow-box gem-wrapbox-position-below\" style=\"width: 512px;\"><div class=\"gem-wrapbox-inner gem-ratio-style\" style=\"padding-top: 56.25%\"><iframe class=\"gem-wrapbox-element img-responsive\" width=\"512px\" height=\"300\" allowfullscreen=\"allowfullscreen\" frameborder=\"0\" scrolling=\"no\" marginheight=\"0\" marginwidth=\"0\" src=\"\/\/www.youtube.com\/embed\/-9JdOJm_Q9g?rel=0&amp;wmode=opaque\"><\/iframe><\/div><\/div>[vc_column_text]To choose a leisure theatre activity, please go to our events by clicking on the button below:[\/vc_column_text][vc_btn title=&#8221;option 1: leisure theatre&#8221; link=&#8221;url:https%3A%2F%2Fwww.aflahaye.nl%2Fen%2Fevent-2%2F%23%2F|&#8221;][vc_column_text]You can also choose to take all of the leisure theatre classes for less! Select all 8 sessions from option 1 below.<\/p>\n<p>We can also offer you preferential rates for a group selection of sessions. Please contact us for more information.[\/vc_column_text][\/vc_column_inner][\/vc_row_inner]<\/div><\/div><\/div>[\/vc_column][\/vc_row][vc_row][vc_column][vc_column_text css=&#8221;&#8221;]<\/p>\n<div class='kiosque-aec'><div\n data-module='classes'\n data-action='classes-list'\n data-param-id-etablishment-branch='1'\n data-param-id-period=''\n data-param-id-classification='2'\n data-param-id-subject=''\n data-param-id-main-level=''\n data-param-id-class-type='25'\n data-param-level-id=''\n data-param-id-class-format=''\n data-param-location=''\n data-param-show-all-establishment=''\n data-param-primary-group-by=''\n data-param-secondary-group-by=''\n data-param-course-order-by=''\n data-param-lang='en_US'><\/div><\/div>\n<p>[\/vc_column_text][\/vc_column][\/vc_row][vc_row full_width=&#8221;stretch_row_content&#8221; equal_height=&#8221;yes&#8221; css=&#8221;.vc_custom_1573745937734{margin-top: 0px !important;margin-bottom: 0px !important;}&#8221;][vc_column width=&#8221;1\/3&#8243; css=&#8221;.vc_custom_1576846443817{margin-top: 0px !important;margin-bottom: 0px !important;padding-top: 0px !important;padding-bottom: 0px !important;background-image: url(https:\/\/aflahaye.nl\/wp-content\/uploads\/2019\/12\/a7E2A9674_original.jpg?id=56803) !important;background-position: center !important;background-repeat: no-repeat !important;background-size: cover !important;}&#8221; offset=&#8221;vc_hidden-xs&#8221;][\/vc_column][vc_column width=&#8221;1\/3&#8243;]<div class=\"clearboth\"><\/div><style>#thegem-divider-6a02be0656118 {margin-top: 5px !important;}<\/style><div id=\"thegem-divider-6a02be0656118\" class=\"gem-divider  \" style=\"\" ><\/div>[vc_column_text]<\/p>\n<h4 style=\"text-align: center;\">Thematic workshops<\/h4>\n<p>[\/vc_column_text][vc_column_text]<\/p>\n<div class=\"styled-subtitle\" align=\"center\">You learn by doing!<\/div>\n<p>[\/vc_column_text][vc_column_text]<\/p>\n<p align=\"center\">A quarterly performance project and themed workshops with a year-round programme.<\/p>\n<p>[\/vc_column_text][vc_empty_space][\/vc_column][vc_column width=&#8221;1\/3&#8243; css=&#8221;.vc_custom_1574092783700{background-image: url(https:\/\/aflahaye.nl\/wp-content\/uploads\/2019\/11\/WhatsApp-Image-2018-03-31-at-20.48.01.jpeg?id=38800) !important;background-position: center !important;background-repeat: no-repeat !important;background-size: cover !important;}&#8221; offset=&#8221;vc_hidden-xs&#8221;][\/vc_column][\/vc_row][vc_row full_width=&#8221;stretch_row_content&#8221; equal_height=&#8221;yes&#8221;][vc_column width=&#8221;1\/3&#8243; css=&#8221;.vc_custom_1569249612528{background-position: center !important;background-repeat: no-repeat !important;background-size: cover !important;}&#8221;]<div class=\"clearboth\"><\/div><style>#thegem-divider-6a02be065614c {margin-top: 5px !important;}<\/style><div id=\"thegem-divider-6a02be065614c\" class=\"gem-divider  \" style=\"\" ><\/div>[vc_column_text]<\/p>\n<h4 align=\"center\">Professionnal<\/h4>\n<p>[\/vc_column_text][vc_empty_space][vc_column_text]<\/p>\n<p align=\"center\">A drama trainer with training and experience as a stage director.<\/p>\n<p>[\/vc_column_text][\/vc_column][vc_column width=&#8221;1\/3&#8243; css=&#8221;.vc_custom_1572724747870{background-image: url(https:\/\/aflahaye.nl\/wp-content\/uploads\/2019\/09\/7E2A0468_original.jpg?id=33183) !important;background-position: center !important;background-repeat: no-repeat !important;background-size: cover !important;}&#8221; offset=&#8221;vc_hidden-xs&#8221;][vc_empty_space]<div class=\"clearboth\"><\/div><style>#thegem-divider-6a02be0656179 {margin-top: 5px !important;}<\/style><div id=\"thegem-divider-6a02be0656179\" class=\"gem-divider  \" style=\"\" ><\/div>[\/vc_column][vc_column width=&#8221;1\/3&#8243; css=&#8221;.vc_custom_1569249205438{background-position: center !important;background-repeat: no-repeat !important;background-size: cover !important;}&#8221;]<div class=\"clearboth\"><\/div><style>#thegem-divider-6a02be06561a2 {margin-top: 5px !important;}<\/style><div id=\"thegem-divider-6a02be06561a2\" class=\"gem-divider  \" style=\"\" ><\/div>[vc_column_text]<\/p>\n<h4 align=\"center\">accessible<\/h4>\n<p>[\/vc_column_text][vc_empty_space][vc_column_text]<\/p>\n<p align=\"center\">Whether you&#8217;ve never done theatre before or already have some experience, whether French is your mother tongue or not, you&#8217;re welcome.<\/p>\n<p>[\/vc_column_text][\/vc_column][\/vc_row]<\/p>\n<\/div>","protected":false},"excerpt":{"rendered":"<p>[vc_row disable_custom_paddings_mobile=&#8221;true&#8221; css=&#8221;.vc_custom_1570088703465{margin-top: -10px !important;margin-bottom: 0px !important;}&#8221; el_id=&#8221;details&#8221;][vc_column][\/vc_column][\/vc_row][vc_row][vc_column][vc_column_text css=&#8221;&#8221;] [\/vc_column_text][\/vc_column][\/vc_row][vc_row full_width=&#8221;stretch_row_content&#8221; equal_height=&#8221;yes&#8221; css=&#8221;.vc_custom_1573745937734{margin-top: 0px !important;margin-bottom: 0px !important;}&#8221;][vc_column width=&#8221;1\/3&#8243; css=&#8221;.vc_custom_1576846443817{margin-top: 0px&#8230;<\/p>\n","protected":false},"author":1,"featured_media":0,"parent":43930,"menu_order":0,"comment_status":"closed","ping_status":"closed","template":"","meta":{"footnotes":""},"class_list":["post-42959","page","type-page","status-publish"],"jetpack_sharing_enabled":true,"_links":{"self":[{"href":"https:\/\/www.aflahaye.nl\/en\/wp-json\/wp\/v2\/pages\/42959","targetHints":{"allow":["GET"]}}],"collection":[{"href":"https:\/\/www.aflahaye.nl\/en\/wp-json\/wp\/v2\/pages"}],"about":[{"href":"https:\/\/www.aflahaye.nl\/en\/wp-json\/wp\/v2\/types\/page"}],"author":[{"embeddable":true,"href":"https:\/\/www.aflahaye.nl\/en\/wp-json\/wp\/v2\/users\/1"}],"replies":[{"embeddable":true,"href":"https:\/\/www.aflahaye.nl\/en\/wp-json\/wp\/v2\/comments?post=42959"}],"version-history":[{"count":15,"href":"https:\/\/www.aflahaye.nl\/en\/wp-json\/wp\/v2\/pages\/42959\/revisions"}],"predecessor-version":[{"id":509664,"href":"https:\/\/www.aflahaye.nl\/en\/wp-json\/wp\/v2\/pages\/42959\/revisions\/509664"}],"up":[{"embeddable":true,"href":"https:\/\/www.aflahaye.nl\/en\/wp-json\/wp\/v2\/pages\/43930"}],"wp:attachment":[{"href":"https:\/\/www.aflahaye.nl\/en\/wp-json\/wp\/v2\/media?parent=42959"}],"curies":[{"name":"wp","href":"https:\/\/api.w.org\/{rel}","templated":true}]}}