{"id":473140,"date":"2021-05-27T13:27:09","date_gmt":"2021-05-27T11:27:09","guid":{"rendered":"https:\/\/www.aflahaye.nl\/?page_id=473140"},"modified":"2024-02-27T06:12:05","modified_gmt":"2024-02-27T05:12:05","slug":"c2-mastery-level","status":"publish","type":"page","link":"https:\/\/www.aflahaye.nl\/en\/french-course\/group-course\/c2-mastery-level\/","title":{"rendered":"C2 &#8211; Mastery Level"},"content":{"rendered":"<div class=\"wpb-content-wrapper\"><p>[vc_row el_id=&#8221;produits&#8221;][vc_column width=&#8221;2\/3&#8243;][vc_raw_html]JTVCYWVjX2NvdXJzZXNfY2F0YWxvZyUyMGV0YWJsaXNobWVudC1icmFuY2gtaWQlM0QlMjIxJTIyJTIwY2xhc3NpZmljYXRpb24taWQlM0QlMjIyJTIyJTIwc3ViamVjdC1pZCUzRCUyMjElMjIlMjBjbGFzcy10eXBlLWlkJTNEJTIyMjYlMjIlMjBsZXZlbC1pZCUzRCUyMjUwJTdDNTElMjIlNUQ=[\/vc_raw_html][\/vc_column][vc_column width=&#8221;1\/3&#8243;][vc_single_image image=&#8221;473151&#8243; img_size=&#8221;medium&#8221; alignment=&#8221;center&#8221;]<div class=\"quickfinder quickfinder-style-iconed row inline-row quickfinder-icon-position-top quickfinder-alignment-center quickfinder-title-bold\" data-hover-border-color=\"#d90f31\" data-hover-button-background-color=\"#d90f31\" data-hover-button-text-color=\"#ffffff\" data-hover-button-border-color=\"#d90f31\"><div id=\"post-46447\" data-ll-finish-delay=\"200\" class=\"quickfinder-item inline-column col-md-12 col-sm-12 col-xs-12 quickfinder-item-effect-border-reverse border-reverse-with-background icon-size-medium quickfinder-box-style-strong-outlined lazy-loading post-46447 thegem_qf_item type-thegem_qf_item status-publish\" data-ll-item-delay=\"0\"> <div class=\"quickfinder-item-box\" style=\"border-color: #999999;\"> <div class=\"quickfinder-item-inner\"> <div class=\"quickfinder-item-image\"> <div class=\"quickfinder-item-image-content lazy-loading-item\" data-ll-item-delay=\"0\" data-ll-effect=\"clip\"> <div class=\"quickfinder-item-image-wrapper\"> <div class=\"gem-icon gem-icon-pack-fontawesome gem-icon-size-medium gem-icon-shape-circle \" style=\"border-color: #ffffff;border-color: #d90f31;opacity: 1;\"><div class=\"gem-icon-inner\" style=\"background-color: #ffffff;\"><span class=\"gem-icon-half-1\" style=\"color: #d90f31;\"><span class=\"back-angle\">&#xf012;<\/span><\/span><span class=\"gem-icon-half-2\" style=\"color: #d90f31;\"><span class=\"back-angle\">&#xf012;<\/span><\/span><\/div><\/div> <\/div> <\/div> <\/div> <div class=\"quickfinder-item-info-wrapper\"> <div class=\"quickfinder-item-info lazy-loading-item\" data-ll-item-delay=\"200\" data-ll-effect=\"fading\"> <div class=\"quickfinder-item-title\" >Test your level<\/div> <div class=\"quickfinder-item-text\" >Do the placement test to know your French level and choose the class that suits you.<\/div> <div class=\"gem-button-container gem-button-position-inline thegem-button-69f0fb1dedccc5540 quickfinder-button\" ><a class=\"gem-button gem-button-size-small gem-button-style-outline gem-button-text-weight-normal gem-button-border-2\" data-ll-effect=\"drop-right-without-wrap\" style=\"border-radius: 3px;\" onmouseleave=\"\" onmouseenter=\"\" href=\"#\" target=\"_self\" role=\"button\">Let&#039;s go !<\/a><\/div> <\/div> <\/div> <\/div> <\/div> <a href=\"https:\/\/placement.aflahaye.nl\/tp\/test-de-placement-aflh\/22\/\" target=\"_self\" class=\"quickfinder-item-link\" aria-label=\"Test your level\"><\/a> <\/div> <\/div>[\/vc_column][\/vc_row][vc_row disable_element=&#8221;yes&#8221;][vc_column]<div id=\"fullwidth-block-69f0fb1dedee9\" class=\"fullwidth-block clearfix\"  style=\"color: #999999;\"><script type=\"text\/javascript\">if (typeof(gem_fix_fullwidth_position) == \"function\") { gem_fix_fullwidth_position(document.getElementById(\"fullwidth-block-69f0fb1dedee9\")); }<\/script><div class=\"fullwidth-block-inner\">[vc_empty_space height=&#8221;64px&#8221;][vc_row_inner equal_height=&#8221;yes&#8221;][vc_column_inner width=&#8221;1\/3&#8243; css=&#8221;.vc_custom_1572717147986{background-color: #999999 !important;}&#8221; offset=&#8221;vc_hidden-xs&#8221;]<div class=\"centered-box\"><div class=\"gem-icon gem-icon-pack-fontawesome gem-icon-size-small  gem-icon-shape-circle \"  style=\"border-color: #ffffff;margin-top: -85px;border-color: #999999;opacity: 1;\"><div class=\"gem-icon-inner\" style=\"background-color: #ffffff;\"><span class=\"gem-icon-half-1\" style=\"color: #999999;\"><span class=\"back-angle\">&#xf02d;<\/span><\/span><span class=\"gem-icon-half-2\" style=\"color: #999999;\"><span class=\"back-angle\">&#xf02d;<\/span><\/span><\/div><\/div><\/div>[vc_column_text]<\/p>\n<h4 align=\"center\"><font color=\"#FFFFFF\">Livre<\/font><\/h4>\n<p>[\/vc_column_text][vc_single_image image=&#8221;35242&#8243; img_size=&#8221;111&#215;150&#8243; alignment=&#8221;center&#8221; style=&#8221;vc_box_shadow_3d&#8221;][\/vc_column_inner][vc_column_inner width=&#8221;1\/3&#8243; css=&#8221;.vc_custom_1572717152749{background-color: #e31434 !important;}&#8221; offset=&#8221;vc_hidden-xs&#8221;]<div class=\"centered-box\"><div class=\"gem-icon gem-icon-pack-fontawesome gem-icon-size-small  gem-icon-shape-circle \"  style=\"border-color: #ffffff;margin-top: -85px;border-color: #d90f31;opacity: 1;\"><div class=\"gem-icon-inner\" style=\"background-color: #ffffff;\"><span class=\"gem-icon-half-1\" style=\"color: #d90f31;\"><span class=\"back-angle\">&#xf0e6;<\/span><\/span><span class=\"gem-icon-half-2\" style=\"color: #d90f31;\"><span class=\"back-angle\">&#xf0e6;<\/span><\/span><\/div><\/div><\/div>[vc_column_text]<\/p>\n<h4 align=\"center\"><font color=\"#FFFFFF\">Classe<\/font><\/h4>\n<p>[\/vc_column_text][vc_column_text]<\/p>\n<p align=\"left\"><font color=\"#FFFFFF\">Nos professeurs certifi\u00e9s, nos petits groupes, notre \u00e9quipement moderne, notre p\u00e9dagogie actionnelle et notre plateforme d&#8217;apprentissage en ligne vous aideront \u00e0 progresser en fran\u00e7ais comme nul part ailleurs.<\/font><\/p>\n<p>[\/vc_column_text][\/vc_column_inner][vc_column_inner width=&#8221;1\/3&#8243; css=&#8221;.vc_custom_1572717157837{background-color: #999999 !important;}&#8221; offset=&#8221;vc_hidden-xs&#8221;]<div class=\"centered-box\"><div class=\"gem-icon gem-icon-pack-fontawesome gem-icon-size-small  gem-icon-shape-circle \"  style=\"border-color: #ffffff;margin-top: -85px;border-color: #999999;opacity: 1;\"><div class=\"gem-icon-inner\" style=\"background-color: #ffffff;\"><span class=\"gem-icon-half-1\" style=\"color: #999999;\"><span class=\"back-angle\">&#xf012;<\/span><\/span><span class=\"gem-icon-half-2\" style=\"color: #999999;\"><span class=\"back-angle\">&#xf012;<\/span><\/span><\/div><\/div><\/div>[vc_column_text]<\/p>\n<h4 align=\"center\"><font color=\"#FFFFFF\">progression<\/font><\/h4>\n<p>[\/vc_column_text][vc_column_text]<\/p>\n<p align=\"center\"><font color=\"#FFFFFF\">Pour obtenir le niveau C1, vous devez completer 6 sous-niveaux<\/font><\/p>\n<h5 align=\"center\"><font color=\"#FFFFFF\">C1.1, C1.2, C1.3, C1.4, C1.5 &amp; C1.6<\/font><\/h5>\n<p>[\/vc_column_text]<style type=\"text\/css\">.thegem-button-69f0fb1dee0825387 .gem-button svg {fill: #ffffff;}<\/style><div class=\"gem-button-container gem-button-position-center thegem-button-69f0fb1dee0825387    \"  ><a title=\"Progression\" class=\"gem-button gem-button-size-tiny gem-button-style-outline gem-button-text-weight-normal gem-button-border-2\" data-ll-effect=\"drop-right-without-wrap\" style=\"border-radius: 3px;border-color: #ffffff;color: #ffffff;\" onmouseleave=\"this.style.borderColor='#ffffff';this.style.color='#ffffff';\" onmouseenter=\"\" href=\"https:\/\/aflahaye.nl\/niveau-et-progression\/\" target=\"_blank\">En savoir plus...<\/a><\/div> [\/vc_column_inner][\/vc_row_inner]<\/div><\/div>[\/vc_column][\/vc_row]<\/p>\n<\/div>","protected":false},"excerpt":{"rendered":"<p>[vc_row el_id=&#8221;produits&#8221;][vc_column width=&#8221;2\/3&#8243;][vc_raw_html]JTVCYWVjX2NvdXJzZXNfY2F0YWxvZyUyMGV0YWJsaXNobWVudC1icmFuY2gtaWQlM0QlMjIxJTIyJTIwY2xhc3NpZmljYXRpb24taWQlM0QlMjIyJTIyJTIwc3ViamVjdC1pZCUzRCUyMjElMjIlMjBjbGFzcy10eXBlLWlkJTNEJTIyMjYlMjIlMjBsZXZlbC1pZCUzRCUyMjUwJTdDNTElMjIlNUQ=[\/vc_raw_html][\/vc_column][vc_column width=&#8221;1\/3&#8243;][vc_single_image image=&#8221;473151&#8243; img_size=&#8221;medium&#8221; alignment=&#8221;center&#8221;][\/vc_column][\/vc_row][vc_row disable_element=&#8221;yes&#8221;][vc_column][\/vc_column][\/vc_row]<\/p>\n","protected":false},"author":1,"featured_media":0,"parent":46308,"menu_order":0,"comment_status":"closed","ping_status":"closed","template":"","meta":{"footnotes":""},"class_list":["post-473140","page","type-page","status-publish"],"jetpack_sharing_enabled":true,"_links":{"self":[{"href":"https:\/\/www.aflahaye.nl\/en\/wp-json\/wp\/v2\/pages\/473140","targetHints":{"allow":["GET"]}}],"collection":[{"href":"https:\/\/www.aflahaye.nl\/en\/wp-json\/wp\/v2\/pages"}],"about":[{"href":"https:\/\/www.aflahaye.nl\/en\/wp-json\/wp\/v2\/types\/page"}],"author":[{"embeddable":true,"href":"https:\/\/www.aflahaye.nl\/en\/wp-json\/wp\/v2\/users\/1"}],"replies":[{"embeddable":true,"href":"https:\/\/www.aflahaye.nl\/en\/wp-json\/wp\/v2\/comments?post=473140"}],"version-history":[{"count":19,"href":"https:\/\/www.aflahaye.nl\/en\/wp-json\/wp\/v2\/pages\/473140\/revisions"}],"predecessor-version":[{"id":503559,"href":"https:\/\/www.aflahaye.nl\/en\/wp-json\/wp\/v2\/pages\/473140\/revisions\/503559"}],"up":[{"embeddable":true,"href":"https:\/\/www.aflahaye.nl\/en\/wp-json\/wp\/v2\/pages\/46308"}],"wp:attachment":[{"href":"https:\/\/www.aflahaye.nl\/en\/wp-json\/wp\/v2\/media?parent=473140"}],"curies":[{"name":"wp","href":"https:\/\/api.w.org\/{rel}","templated":true}]}}