{"id":503895,"date":"2024-03-25T11:34:37","date_gmt":"2024-03-25T10:34:37","guid":{"rendered":"https:\/\/www.aflahaye.nl\/?page_id=503895"},"modified":"2025-08-25T17:34:30","modified_gmt":"2025-08-25T15:34:30","slug":"formation-fle","status":"publish","type":"page","link":"https:\/\/www.aflahaye.nl\/en\/alliance\/formation-fle\/","title":{"rendered":"Formation FLE"},"content":{"rendered":"Inscrivez-vous \u00e0 nos formations \u00e0 destination des professeurs du r\u00e9seaux.\r\n\r\nCycle de formations initi\u00e9 par Alliance Fran\u00e7aise des Pays-Bas en partenariat avec Institut Fran\u00e7ais des Pays-Bas.\r\n\r\n&nbsp;\r\n<div style=\"position: relative; width: 100%; height: 0; padding-top: 141.8919%; padding-bottom: 0; box-shadow: 0 2px 8px 0 rgba(63,69,81,0.16); margin-top: 1.6em; margin-bottom: 0.9em; overflow: hidden; border-radius: 8px; will-change: transform;\"><iframe style=\"position: absolute; width: 100%; height: 100%; top: 0; left: 0; border: none; padding: 0; margin: 0;\" src=\"https:\/\/www.canva.com\/design\/DAGCHRpyJyo\/NTmYX38N1plg2gxnJQ5ZjQ\/view?embed\" allowfullscreen=\"allowfullscreen\"><span data-mce-type=\"bookmark\" style=\"display: inline-block; width: 0px; overflow: hidden; line-height: 0;\" class=\"mce_SELRES_start\">\ufeff<\/span>  <\/iframe><\/div>\r\n&nbsp;\r\n\r\n<div class='kiosque-aec'><div\n data-module='classes'\n data-action='courses-catalog'\n data-param-etablishment-branch-id='1'\n data-param-period-id=''\n data-param-classification-id='2'\n data-param-subject-id=''\n data-param-class-type-id='50'\n data-param-level-id=''\n data-param-learning-pace=''\n data-param-sidebar=''\n data-param-class-format-id=''\n data-param-localization=''\n data-param-show-filter-choices=''\n data-param-lang='en_US'><\/div><\/div>\r\n\r\n<!-- \/wp:post-content -->","protected":false},"excerpt":{"rendered":"<p>Inscrivez-vous \u00e0 nos formations \u00e0 destination des professeurs du r\u00e9seaux. Cycle de formations initi\u00e9 par Alliance Fran\u00e7aise des Pays-Bas en&#8230;<\/p>\n","protected":false},"author":6619,"featured_media":0,"parent":6981,"menu_order":0,"comment_status":"closed","ping_status":"closed","template":"","meta":{"footnotes":""},"class_list":["post-503895","page","type-page","status-publish"],"jetpack_sharing_enabled":true,"_links":{"self":[{"href":"https:\/\/www.aflahaye.nl\/en\/wp-json\/wp\/v2\/pages\/503895","targetHints":{"allow":["GET"]}}],"collection":[{"href":"https:\/\/www.aflahaye.nl\/en\/wp-json\/wp\/v2\/pages"}],"about":[{"href":"https:\/\/www.aflahaye.nl\/en\/wp-json\/wp\/v2\/types\/page"}],"author":[{"embeddable":true,"href":"https:\/\/www.aflahaye.nl\/en\/wp-json\/wp\/v2\/users\/6619"}],"replies":[{"embeddable":true,"href":"https:\/\/www.aflahaye.nl\/en\/wp-json\/wp\/v2\/comments?post=503895"}],"version-history":[{"count":10,"href":"https:\/\/www.aflahaye.nl\/en\/wp-json\/wp\/v2\/pages\/503895\/revisions"}],"predecessor-version":[{"id":508258,"href":"https:\/\/www.aflahaye.nl\/en\/wp-json\/wp\/v2\/pages\/503895\/revisions\/508258"}],"up":[{"embeddable":true,"href":"https:\/\/www.aflahaye.nl\/en\/wp-json\/wp\/v2\/pages\/6981"}],"wp:attachment":[{"href":"https:\/\/www.aflahaye.nl\/en\/wp-json\/wp\/v2\/media?parent=503895"}],"curies":[{"name":"wp","href":"https:\/\/api.w.org\/{rel}","templated":true}]}}