{"id":512646,"date":"2026-05-08T17:15:14","date_gmt":"2026-05-08T15:15:14","guid":{"rendered":"https:\/\/www.aflahaye.nl\/?page_id=512646"},"modified":"2026-05-08T18:42:46","modified_gmt":"2026-05-08T16:42:46","slug":"ateliers-du-samedi","status":"publish","type":"page","link":"https:\/\/www.aflahaye.nl\/en\/ateliers-du-samedi\/","title":{"rendered":"Ateliers du samedi"},"content":{"rendered":"<div class=\"wpb-content-wrapper\"><p>[vc_row][vc_column][vc_column_text css=&#8221;&#8221;]<\/p>\n<h2 style=\"text-align: center;\">Ateliers du samedi pour enfants \u00e0 partir de 6 ans<\/h2>\n<p>[\/vc_column_text][\/vc_column][\/vc_row][vc_row][vc_column width=&#8221;1\/2&#8243;][vc_tta_tabs][vc_tta_section title=&#8221;NOS ATELIERS&#8221; tab_id=&#8221;1778252180543-814aaf10-b4e1&#8243;][vc_column_text css=&#8221;&#8221;]<\/p>\n<section class=\"text-token-text-primary w-full focus:outline-none [--shadow-height:45px] has-data-writing-block:pointer-events-none has-data-writing-block:-mt-(--shadow-height) has-data-writing-block:pt-(--shadow-height) [&amp;:has([data-writing-block])&gt;*]:pointer-events-auto [content-visibility:auto] supports-[content-visibility:auto]:[contain-intrinsic-size:auto_100lvh] R6Vx5W_threadScrollVars scroll-mb-[calc(var(--scroll-root-safe-area-inset-bottom,0px)+var(--thread-response-height))] scroll-mt-[calc(var(--header-height)+min(200px,max(70px,20svh)))]\" dir=\"auto\" data-turn-id=\"request-WEB:4c4fbf57-09fc-4436-9218-1d875850a4fa-11\" data-testid=\"conversation-turn-24\" data-scroll-anchor=\"false\" data-turn=\"assistant\">\n<div class=\"text-base my-auto mx-auto pb-10 [--thread-content-margin:var(--thread-content-margin-xs,calc(var(--spacing)*4))] @w-sm\/main:[--thread-content-margin:var(--thread-content-margin-sm,calc(var(--spacing)*6))] @w-lg\/main:[--thread-content-margin:var(--thread-content-margin-lg,calc(var(--spacing)*16))] px-(--thread-content-margin)\">\n<div class=\"[--thread-content-max-width:40rem] @w-lg\/main:[--thread-content-max-width:48rem] mx-auto max-w-(--thread-content-max-width) flex-1 group\/turn-messages focus-visible:outline-hidden relative flex w-full min-w-0 flex-col agent-turn\">\n<div class=\"flex max-w-full flex-col gap-4 grow\">\n<div class=\"min-h-8 text-message relative flex w-full flex-col items-end gap-2 text-start break-words whitespace-normal outline-none keyboard-focused:focus-ring [.text-message+&amp;]:mt-1\" dir=\"auto\" tabindex=\"0\" data-message-author-role=\"assistant\" data-message-id=\"dcc55bf5-3c1a-4766-91b3-eb64c52806e6\" data-message-model-slug=\"gpt-5-3-mini\" data-turn-start-message=\"true\">\n<div class=\"flex w-full flex-col gap-1 empty:hidden\">\n<div class=\"markdown prose dark:prose-invert wrap-break-word w-full dark markdown-new-styling\">\n<p data-start=\"0\" data-end=\"352\">Les ateliers du samedi de l\u2019Alliance Fran\u00e7aise de La Haye offrent aux enfants une belle opportunit\u00e9 de pratiquer le fran\u00e7ais autrement, dans un cadre ludique et cr\u00e9atif. Une fois par mois, de 10h \u00e0 12h, les enfants sont invit\u00e9s \u00e0 participer \u00e0 une activit\u00e9 originale en fran\u00e7ais : peinture, lecture de contes, arts cr\u00e9atifs et bien d\u2019autres d\u00e9couvertes.<\/p>\n<p style=\"text-align: center;\" data-start=\"0\" data-end=\"352\">\u2702\ufe0f\ud83d\udd8c\ufe0f\ud83c\udfa8\ud83d\udcda<\/p>\n<p data-start=\"354\" data-end=\"713\" data-is-last-node=\"\" data-is-only-node=\"\">Encadr\u00e9s par des intervenants ext\u00e9rieurs passionn\u00e9s, sp\u00e9cialement invit\u00e9s pour l\u2019occasion, ces ateliers permettent d\u2019apprendre et de s\u2019exprimer en fran\u00e7ais tout en s\u2019amusant. Organis\u00e9s dans les locaux de l\u2019Alliance Fran\u00e7aise de La Haye, ils favorisent la curiosit\u00e9, l\u2019\u00e9change et le plaisir de pratiquer la langue dans un environnement chaleureux et stimulant.<\/p>\n<\/div>\n<\/div>\n<\/div>\n<\/div>\n<\/div>\n<\/div>\n<\/section>\n<p>[\/vc_column_text][\/vc_tta_section][vc_tta_section title=&#8221;PROGRAMME&#8221; tab_id=&#8221;1778252180543-0eb40d11-fbfd&#8221;][vc_column_text css=&#8221;&#8221;]<\/p>\n<h4 style=\"text-align: center;\"><span style=\"color: #ff0000;\">MAI 2026<\/span><\/h4>\n<p style=\"text-align: center;\">Samedi 30 mai : D\u00e9couvre la peinture chinoise<\/p>\n<p>[\/vc_column_text][vc_separator color=&#8221;juicy_pink&#8221; css=&#8221;&#8221;][vc_column_text css=&#8221;&#8221;]<\/p>\n<h4 style=\"text-align: center;\"><span style=\"color: #ff0000;\">JUIN 2026<\/span><\/h4>\n<p style=\"text-align: center;\">Samedi 27 juin : Dessine l&#8217;interculturalit\u00e9 avec Cl\u00e9mentine Latron<\/p>\n<p>[\/vc_column_text][\/vc_tta_section][vc_tta_section title=&#8221;S&#8217;inscrire&#8221; tab_id=&#8221;1778252260606-79ed6dbe-9ff6&#8243;][vc_column_text css=&#8221;&#8221;]<div class='kiosque-aec'><div\n data-module='events'\n data-action='list'\n data-param-default-view-mode='events-list-grid'\n data-param-etablishment-branch-id='1'\n data-param-event-type='91'\n data-param-event-tag-ids=''\n data-param-events-to-show=''\n data-param-lang='en_US'><\/div><\/div>[\/vc_column_text][\/vc_tta_section][\/vc_tta_tabs][\/vc_column][vc_column width=&#8221;1\/2&#8243;][vc_single_image image=&#8221;512664&#8243; img_size=&#8221;945&#215;1181&#8243; css=&#8221;&#8221;][\/vc_column][\/vc_row]<\/p>\n<\/div>","protected":false},"excerpt":{"rendered":"<p>[vc_row][vc_column][vc_column_text css=&#8221;&#8221;] Ateliers du samedi pour enfants \u00e0 partir de 6 ans [\/vc_column_text][\/vc_column][\/vc_row][vc_row][vc_column width=&#8221;1\/2&#8243;][vc_tta_tabs][vc_tta_section title=&#8221;NOS ATELIERS&#8221; tab_id=&#8221;1778252180543-814aaf10-b4e1&#8243;][vc_column_text css=&#8221;&#8221;] Les ateliers&#8230;<\/p>\n","protected":false},"author":59,"featured_media":0,"parent":0,"menu_order":0,"comment_status":"closed","ping_status":"closed","template":"","meta":{"footnotes":""},"class_list":["post-512646","page","type-page","status-publish"],"jetpack_sharing_enabled":true,"_links":{"self":[{"href":"https:\/\/www.aflahaye.nl\/en\/wp-json\/wp\/v2\/pages\/512646","targetHints":{"allow":["GET"]}}],"collection":[{"href":"https:\/\/www.aflahaye.nl\/en\/wp-json\/wp\/v2\/pages"}],"about":[{"href":"https:\/\/www.aflahaye.nl\/en\/wp-json\/wp\/v2\/types\/page"}],"author":[{"embeddable":true,"href":"https:\/\/www.aflahaye.nl\/en\/wp-json\/wp\/v2\/users\/59"}],"replies":[{"embeddable":true,"href":"https:\/\/www.aflahaye.nl\/en\/wp-json\/wp\/v2\/comments?post=512646"}],"version-history":[{"count":9,"href":"https:\/\/www.aflahaye.nl\/en\/wp-json\/wp\/v2\/pages\/512646\/revisions"}],"predecessor-version":[{"id":512669,"href":"https:\/\/www.aflahaye.nl\/en\/wp-json\/wp\/v2\/pages\/512646\/revisions\/512669"}],"wp:attachment":[{"href":"https:\/\/www.aflahaye.nl\/en\/wp-json\/wp\/v2\/media?parent=512646"}],"curies":[{"name":"wp","href":"https:\/\/api.w.org\/{rel}","templated":true}]}}