{"id":38409,"date":"2019-09-30T13:05:25","date_gmt":"2019-09-30T11:05:25","guid":{"rendered":"https:\/\/edusharing.aflahaye.nl\/wordpress\/privecursussen\/"},"modified":"2025-08-25T17:16:58","modified_gmt":"2025-08-25T15:16:58","slug":"privecursussen","status":"publish","type":"page","link":"https:\/\/www.aflahaye.nl\/nl\/cursussen-frans\/maatwerk\/privecursussen\/","title":{"rendered":"Priv\u00e9cursussen"},"content":{"rendered":"<div class=\"wpb-content-wrapper\"><p>[vc_row disable_custom_paddings_mobile=&#8221;true&#8221; css=&#8221;.vc_custom_1570088703465{margin-top: -10px !important;margin-bottom: 0px !important;}&#8221; el_id=&#8221;details&#8221;][vc_column]<div id=\"fullwidth-block-69f1156963225\" class=\"fullwidth-block clearfix\"  style=\"\"><script type=\"text\/javascript\">if (typeof(gem_fix_fullwidth_position) == \"function\") { gem_fix_fullwidth_position(document.getElementById(\"fullwidth-block-69f1156963225\")); }<\/script><div class=\"fullwidth-block-inner\"><div class=\"container\">[vc_row_inner equal_height=&#8221;yes&#8221;][vc_column_inner width=&#8221;2\/3&#8243;]<div class=\"clearboth\"><\/div><style>#thegem-divider-69f11569632be {margin-top: 10px !important;}<\/style><div id=\"thegem-divider-69f11569632be\" class=\"gem-divider  \" style=\"\" ><\/div>[vc_column_text css_animation=&#8221;top-to-bottom&#8221;]<\/p>\n<div class=\"title-h1\">Cours priv\u00e9s<\/div>\n<p>[\/vc_column_text][vc_column_text css_animation=&#8221;top-to-bottom&#8221;]<\/p>\n<div class=\"styled-subtitle\">L\u2019Alliance Fran\u00e7aise organise des cours particuliers ou semi-particuliers en pr\u00e9sentiel ou en ligne.<\/div>\n<p>[\/vc_column_text]<div class=\"clearboth\"><\/div><style>#thegem-divider-69f1156963308 {margin-top: 30px !important;}<\/style><div id=\"thegem-divider-69f1156963308\" class=\"gem-divider  \" style=\"\" ><\/div>[vc_separator color=&#8221;custom&#8221; align=&#8221;align_left&#8221; el_width=&#8221;30&#8243; accent_color=&#8221;#d90f31&#8243;]<div class=\"clearboth\"><\/div><style>#thegem-divider-69f1156963339 {margin-top: 30px !important;}<\/style><div id=\"thegem-divider-69f1156963339\" class=\"gem-divider  \" style=\"\" ><\/div>[vc_column_text css_animation=&#8221;top-to-bottom&#8221;]Que ce soit pour apprendre plus rapidement ou pour vous concentrer sur un domaine sp\u00e9cifique, nous regardons avec vous pour une formule personnalis\u00e9e.<\/p>\n<p>Les cours priv\u00e9s se d\u00e9roulent du <b>lundi au jeudi de 9h \u00e0 21h<\/b> et le <b>vendredi de 9h \u00e0 17h<\/b>. Ils peuvent commencer \u00e0 tout moment de l\u2019ann\u00e9e.<\/p>\n<p>Remplissez notre analyse des besoins pour recevoir une offre personnalis\u00e9e sur mesure.[\/vc_column_text]<div class=\"gem-table gem-table-responsive gem-table-style-1\"><table style=\"width: 100%;\">\n<thead>\n<tr>\n<th>\n<h6>Fran\u00e7ais g\u00e9n\u00e9ral<\/h6>\n<\/th>\n<th>\n<h6>Besoins sp\u00e9cifiques<\/h6>\n<\/th>\n<th>\n<h6>Enfants<\/h6>\n<\/th>\n<\/tr>\n<\/thead>\n<tbody>\n<tr>\n<td align=\"center\"><\/td>\n<td align=\"center\">nous consulter<\/td>\n<td align=\"center\"><\/td>\n<\/tr>\n<\/tbody>\n<\/table>\n<p>&nbsp;<\/p>\n<\/div><div class=\"clearboth\"><\/div><style>#thegem-divider-69f115696344d {margin-top: 30px !important;}<\/style><div id=\"thegem-divider-69f115696344d\" class=\"gem-divider  \" style=\"\" ><\/div><div class=\"gem-button-container gem-button-position-center thegem-button-69f11569635136113    \"  ><a title=\"Cours priv\u00e9 \u2013 formulaire\" class=\"gem-button gem-button-size-small gem-button-style-outline gem-button-text-weight-normal gem-button-border-2\" data-ll-effect=\"drop-right-without-wrap\" style=\"border-radius: 3px;\" onmouseleave=\"\" onmouseenter=\"\" href=\"https:\/\/aflahaye.nl\/formulaire-cours-prive\/\" target=\"_self\">Remplir analyse des besoins<\/a><\/div> [\/vc_column_inner][vc_column_inner width=&#8221;1\/3&#8243; offset=&#8221;vc_hidden-xs&#8221;][vc_single_image image=&#8221;35308&#8243; img_size=&#8221;medium&#8221; alignment=&#8221;center&#8221;]<div class=\"gem-button-container gem-button-position-center thegem-button-69f11569635b81492    \"  ><a title=\"Cours priv\u00e9 \u2013 formulaire\" class=\"gem-button gem-button-size-medium gem-button-style-outline gem-button-text-weight-normal gem-button-border-2\" data-ll-effect=\"drop-right-without-wrap\" style=\"border-radius: 3px;\" onmouseleave=\"\" onmouseenter=\"\" href=\"#produits\" target=\"_self\">Nos offres<\/a><\/div> [\/vc_column_inner][\/vc_row_inner]<\/div><\/div><\/div><div class=\"clearboth\"><\/div><style>#thegem-divider-69f1156963609 {margin-top: 64px !important;}<\/style><div id=\"thegem-divider-69f1156963609\" class=\"gem-divider  \" style=\"\" ><\/div>[\/vc_column][\/vc_row][vc_row][vc_column][vc_column_text]<\/p>\n<h1 align=\"center\">Bien commencer<\/h1>\n<div class=\"styled-subtitle\" align=\"center\">\u00c9tape par \u00e9tape<\/div>\n<p>[\/vc_column_text]<div class=\"quickfinder quickfinder-style-vertical-1 quickfinder-style-vertical quickfinder-icon-position-top quickfinder-alignment-center quickfinder-title-bold\"><div id=\"post-38681\" class=\"quickfinder-item odd quickfinder-item-effect-border-reverse border-reverse-with-background medium post-38681 thegem_qf_item type-thegem_qf_item status-publish\" data-ll-item-delay=\"0\"> <div class=\"quickfinder-item-info-wrapper\"> <svg class=\"qf-svg-arrow-right\" viewBox=\"0 0 50 100\"> <use xlink:href=\"https:\/\/www.aflahaye.nl\/wp-content\/themes\/thegem\/css\/post-arrow.svg#dec-post-arrow\"><\/use> <\/svg> <div class=\"connector-top\" style=\"border-color: #b6c6c9; right: -41.5px;\"> <\/div> <div class=\"connector-bot\" style=\"border-color: #b6c6c9; right: -41.5px;\"> <\/div> <div class=\"quickfinder-item-info \" > <div style=\"display: block; min-height: 250px;\"> <div class=\"quickfinder-item-title\" >Behoefteanalyse:<\/div> <div class=\"quickfinder-item-text\" >Wil je gebruik maken van een aanbod dat aangepast is aan je behoeften? Vul dan de behoefteanalyse in en wij zullen contact met je opnemen om een gepersonaliseerd aanbod te doen.<\/div> <\/div> <\/div> <a href=\"\/nl\/cours-prive-formulaire\/\" target=\"_self\" class=\"quickfinder-item-link\" aria-label=\"Behoefteanalyse:\"><\/a> <\/div> <div class=\"quickfinder-item-image\"> <div class=\"quickfinder-item-image-content\" > <div class=\"quickfinder-item-image-wrapper\"> <div class=\"gem-icon gem-icon-pack-fontawesome gem-icon-size-medium gem-icon-shape-circle \" style=\"box-shadow: 0 0 0 3px #ffffff, 0 0 0 6px #b6c6c9;border-color: #ffffff;border-color: #d90f31;opacity: 1;\"><div class=\"gem-icon-inner\" style=\"background-color: #ffffff;\"><span class=\"gem-icon-half-1\" style=\"color: #d90f31;\"><span class=\"back-angle\">&#xf124;<\/span><\/span><span class=\"gem-icon-half-2\" style=\"color: #d90f31;\"><span class=\"back-angle\">&#xf124;<\/span><\/span><\/div><\/div> <\/div> <a href=\"\/nl\/cours-prive-formulaire\/\" target=\"_self\" class=\"quickfinder-item-link\" aria-label=\"Behoefteanalyse:\"><\/a> <\/div> <\/div> <\/div> <div id=\"post-38682\" class=\"quickfinder-item even quickfinder-item-effect-border-reverse border-reverse-with-background medium post-38682 thegem_qf_item type-thegem_qf_item status-publish\" data-ll-item-delay=\"0\"> <div class=\"quickfinder-item-image\"> <div class=\"quickfinder-item-image-content\" > <div class=\"quickfinder-item-image-wrapper\"> <div class=\"gem-icon gem-icon-pack-fontawesome gem-icon-size-medium gem-icon-shape-circle \" style=\"box-shadow: 0 0 0 3px #ffffff, 0 0 0 6px #b6c6c9;border-color: #ffffff;border-color: #d90f31;opacity: 1;\"><div class=\"gem-icon-inner\" style=\"background-color: #ffffff;\"><span class=\"gem-icon-half-1\" style=\"color: #d90f31;\"><span class=\"back-angle\">&#xf046;<\/span><\/span><span class=\"gem-icon-half-2\" style=\"color: #d90f31;\"><span class=\"back-angle\">&#xf046;<\/span><\/span><\/div><\/div> <\/div> <\/div> <\/div> <div class=\"quickfinder-item-info-wrapper\"> <svg class=\"qf-svg-arrow-left\" viewBox=\"0 0 50 100\"> <use xlink:href=\"https:\/\/www.aflahaye.nl\/wp-content\/themes\/thegem\/css\/post-arrow.svg#dec-post-arrow\"><\/use> <\/svg> <div class=\"connector-top\" style=\"border-color: #b6c6c9; left: -41.5px;\"> <\/div> <div class=\"connector-bot\" style=\"border-color: #b6c6c9; left: -41.5px;\"> <\/div> <div class=\"quickfinder-item-info \" > <div style=\"display: block; min-height: 250px;\"> <div class=\"quickfinder-item-title\" >JE GEPERSONALISEERDE AANBOD<\/div> <div class=\"quickfinder-item-text\" >Na ontvangst van de analyse van de behoeften, zullen wij contact met u opnemen om uw persoonlijke offerte te bepalen, zodat deze aan uw behoeften en wensen voldoet.<\/div> <\/div> <\/div> <\/div> <\/div> <div id=\"post-36987\" class=\"quickfinder-item odd quickfinder-item-effect-border-reverse border-reverse-with-background medium post-36987 thegem_qf_item type-thegem_qf_item status-publish\" data-ll-item-delay=\"0\"> <div class=\"quickfinder-item-info-wrapper\"> <svg class=\"qf-svg-arrow-right\" viewBox=\"0 0 50 100\"> <use xlink:href=\"https:\/\/www.aflahaye.nl\/wp-content\/themes\/thegem\/css\/post-arrow.svg#dec-post-arrow\"><\/use> <\/svg> <div class=\"connector-top\" style=\"border-color: #b6c6c9; right: -41.5px;\"> <\/div> <div class=\"connector-bot\" style=\"border-color: #b6c6c9; right: -41.5px;\"> <\/div> <div class=\"quickfinder-item-info \" > <div style=\"display: block; min-height: 250px;\"> <div class=\"quickfinder-item-title\" >Kalender<\/div> <div class=\"quickfinder-item-text\" >Nu we precies weten wat uw pedagogische behoeften zijn, moeten we uw planning bepalen.<\/div> <\/div> <\/div> <\/div> <div class=\"quickfinder-item-image\"> <div class=\"quickfinder-item-image-content\" > <div class=\"quickfinder-item-image-wrapper\"> <div class=\"gem-icon gem-icon-pack-fontawesome gem-icon-size-medium gem-icon-shape-circle \" style=\"box-shadow: 0 0 0 3px #ffffff, 0 0 0 6px #b6c6c9;border-color: #ffffff;border-color: #d90f31;opacity: 1;\"><div class=\"gem-icon-inner\" style=\"background-color: #ffffff;\"><span class=\"gem-icon-half-1\" style=\"color: #d90f31;\"><span class=\"back-angle\">&#xf073;<\/span><\/span><span class=\"gem-icon-half-2\" style=\"color: #d90f31;\"><span class=\"back-angle\">&#xf073;<\/span><\/span><\/div><\/div> <\/div> <\/div> <\/div> <\/div> <\/div>[\/vc_column][\/vc_row][vc_row el_id=&#8221;produits&#8221;][vc_column][vc_tta_tour][vc_tta_section title=&#8221;Fran\u00e7ais g\u00e9n\u00e9ral&#8221; tab_id=&#8221;1679656943554-604d63f4-4584&#8243;][vc_column_text css=&#8221;&#8221;]Cours g\u00e9n\u00e9raux[\/vc_column_text][vc_raw_html css=&#8221;&#8221;]JTVCYWVjX3Byb2R1Y3RzX3ZpZXclMjBwcm9kdWN0LXR5cGUlM0QlMjI1NSUyMiU1RA==[\/vc_raw_html][\/vc_tta_section][vc_tta_section title=&#8221;Besoins sp\u00e9cifiques&#8221; tab_id=&#8221;1679656943582-8b5c3d71-e612&#8243;][vc_column_text css=&#8221;&#8221;]S[ecifique[\/vc_column_text][vc_raw_html css=&#8221;&#8221;]JTVCYWVjX3Byb2R1Y3RzX3ZpZXclMjBwcm9kdWN0LXR5cGUlM0QlMjI1NCUyMiU1RA==[\/vc_raw_html][\/vc_tta_section][vc_tta_section title=&#8221;Enfants&#8221; tab_id=&#8221;1679657025830-1b64db21-543b&#8221;][vc_column_text css=&#8221;&#8221;]Enfants[\/vc_column_text][vc_column_text css=&#8221;&#8221;]<div class='kiosque-aec'><div\n data-module='products'\n data-action='show-products'\n data-param-product-type='53'\n data-param-etablishment-branch-id=''\n data-param-show-category-title=''\n data-param-lang='nl_NL'><\/div><\/div>[\/vc_column_text][\/vc_tta_section][\/vc_tta_tour][\/vc_column][\/vc_row]<\/p>\n<\/div>","protected":false},"excerpt":{"rendered":"<p>[vc_row disable_custom_paddings_mobile=&#8221;true&#8221; css=&#8221;.vc_custom_1570088703465{margin-top: -10px !important;margin-bottom: 0px !important;}&#8221; el_id=&#8221;details&#8221;][vc_column][\/vc_column][\/vc_row][vc_row][vc_column][vc_column_text] Bien commencer \u00c9tape par \u00e9tape [\/vc_column_text][\/vc_column][\/vc_row][vc_row el_id=&#8221;produits&#8221;][vc_column][vc_tta_tour][vc_tta_section title=&#8221;Fran\u00e7ais g\u00e9n\u00e9ral&#8221; tab_id=&#8221;1679656943554-604d63f4-4584&#8243;][vc_column_text css=&#8221;&#8221;]Cours g\u00e9n\u00e9raux[\/vc_column_text][vc_raw_html&#8230;<\/p>\n","protected":false},"author":1,"featured_media":0,"parent":38401,"menu_order":0,"comment_status":"closed","ping_status":"closed","template":"","meta":{"footnotes":""},"class_list":["post-38409","page","type-page","status-publish"],"jetpack_sharing_enabled":true,"_links":{"self":[{"href":"https:\/\/www.aflahaye.nl\/nl\/wp-json\/wp\/v2\/pages\/38409","targetHints":{"allow":["GET"]}}],"collection":[{"href":"https:\/\/www.aflahaye.nl\/nl\/wp-json\/wp\/v2\/pages"}],"about":[{"href":"https:\/\/www.aflahaye.nl\/nl\/wp-json\/wp\/v2\/types\/page"}],"author":[{"embeddable":true,"href":"https:\/\/www.aflahaye.nl\/nl\/wp-json\/wp\/v2\/users\/1"}],"replies":[{"embeddable":true,"href":"https:\/\/www.aflahaye.nl\/nl\/wp-json\/wp\/v2\/comments?post=38409"}],"version-history":[{"count":10,"href":"https:\/\/www.aflahaye.nl\/nl\/wp-json\/wp\/v2\/pages\/38409\/revisions"}],"predecessor-version":[{"id":508241,"href":"https:\/\/www.aflahaye.nl\/nl\/wp-json\/wp\/v2\/pages\/38409\/revisions\/508241"}],"up":[{"embeddable":true,"href":"https:\/\/www.aflahaye.nl\/nl\/wp-json\/wp\/v2\/pages\/38401"}],"wp:attachment":[{"href":"https:\/\/www.aflahaye.nl\/nl\/wp-json\/wp\/v2\/media?parent=38409"}],"curies":[{"name":"wp","href":"https:\/\/api.w.org\/{rel}","templated":true}]}}