{"id":38564,"date":"2019-09-17T14:21:45","date_gmt":"2019-09-17T12:21:45","guid":{"rendered":"https:\/\/edusharing.aflahaye.nl\/wordpress\/voorbereiding-op-delf-dalf\/"},"modified":"2026-01-09T17:53:23","modified_gmt":"2026-01-09T16:53:23","slug":"voorbereiding-op-delf-dalf","status":"publish","type":"page","link":"https:\/\/www.aflahaye.nl\/nl\/diplomes-tests\/voorbereiding-op-delf-dalf\/","title":{"rendered":"Voorbereiding op DELF\/DALF &#8211; TCF &#8211; TEF &#8211; DFP"},"content":{"rendered":"<div class=\"wpb-content-wrapper\"><p>[vc_row disable_custom_paddings_mobile=&#8221;true&#8221; css=&#8221;.vc_custom_1570088703465{margin-top: -10px !important;margin-bottom: 0px !important;}&#8221; el_id=&#8221;details&#8221;][vc_column]<div id=\"fullwidth-block-6a0031e1c5535\" class=\"fullwidth-block clearfix\"  style=\"padding-top: -20px;\"><script type=\"text\/javascript\">if (typeof(gem_fix_fullwidth_position) == \"function\") { gem_fix_fullwidth_position(document.getElementById(\"fullwidth-block-6a0031e1c5535\")); }<\/script><div class=\"fullwidth-block-inner\"><div class=\"container\">[vc_row_inner equal_height=&#8221;yes&#8221;][vc_column_inner width=&#8221;2\/3&#8243;][vc_column_text css=&#8221;&#8221; css_animation=&#8221;top-to-bottom&#8221;]<\/p>\n<h2>VOORBEREIDING DELF\/DALF<\/h2>\n<p>[\/vc_column_text]<div class=\"clearboth\"><\/div><style>#thegem-divider-6a0031e1c55c0 {margin-top: 30px !important;}<\/style><div id=\"thegem-divider-6a0031e1c55c0\" class=\"gem-divider  \" style=\"\" ><\/div>[vc_separator color=&#8221;custom&#8221; align=&#8221;align_left&#8221; el_width=&#8221;30&#8243; accent_color=&#8221;#d90f31&#8243;]<div class=\"clearboth\"><\/div><style>#thegem-divider-6a0031e1c5610 {margin-top: 30px !important;}<\/style><div id=\"thegem-divider-6a0031e1c5610\" class=\"gem-divider  \" style=\"\" ><\/div>[vc_column_text css_animation=&#8221;top-to-bottom&#8221;]<\/p>\n<p data-start=\"0\" data-end=\"299\">Profiteer van de ervaring en expertise van het team van de Alliance Fran\u00e7aise Den Haag om je DELF\/DALF optimaal voor te bereiden. Dit diploma kan een waardevolle troef zijn voor je studie of je carri\u00e8re. Vergroot je slaagkansen voor de verschillende examens en mik op de best mogelijke resultaten!<\/p>\n<p><\/p>\n<p data-start=\"301\" data-end=\"439\">We kunnen je ook begeleiden als je van plan bent een TCF- of TEF-test of een DFP-diploma af te leggen via een individuele voorbereiding.<\/p>\n<p><\/p>\n<p data-start=\"441\" data-end=\"533\" data-is-last-node=\"\">Daarnaast bieden we ook trainingsprogramma&#8217;s aan op de platforms PrepMyFuture en GlobalExam.<\/p>\n<p>[\/vc_column_text][vc_raw_html css=&#8221;&#8221;]PGRpdiBzdHlsZT0icG9zaXRpb246IHJlbGF0aXZlOyB3aWR0aDogMTAwJTsgaGVpZ2h0OiAwOyBwYWRkaW5nLXRvcDogMTI1LjAwMDAlOyBwYWRkaW5nLWJvdHRvbTogMDsgYm94LXNoYWRvdzogMCAycHggOHB4IDAgcmdiYSg2Myw2OSw4MSwwLjE2KTsgbWFyZ2luLXRvcDogMS42ZW07IG1hcmdpbi1ib3R0b206IDAuOWVtOyBvdmVyZmxvdzogaGlkZGVuOyBib3JkZXItcmFkaXVzOiA4cHg7IHdpbGwtY2hhbmdlOiB0cmFuc2Zvcm07Ij48aWZyYW1lIHN0eWxlPSJwb3NpdGlvbjogYWJzb2x1dGU7IHdpZHRoOiAxMDAlOyBoZWlnaHQ6IDEwMCU7IHRvcDogMDsgbGVmdDogMDsgYm9yZGVyOiBub25lOyBwYWRkaW5nOiAwOyBtYXJnaW46IDA7IiBzcmM9Imh0dHBzOi8vd3d3LmNhbnZhLmNvbS9kZXNpZ24vREFGbHNpSU9HbjAvZ3JHb2pkV2FEOHNEenU1Wm1uODhLZy92aWV3P2VtYmVkIiBhbGxvd2Z1bGxzY3JlZW49ImFsbG93ZnVsbHNjcmVlbiI+DQo8L2lmcmFtZT48L2Rpdj4=[\/vc_raw_html]<div class=\"clearboth\"><\/div><style>#thegem-divider-6a0031e1c5644 {margin-top: 30px !important;}<\/style><div id=\"thegem-divider-6a0031e1c5644\" class=\"gem-divider  \" style=\"\" ><\/div>[vc_empty_space height=&#8221;128px&#8221;][\/vc_column_inner][vc_column_inner width=&#8221;1\/3&#8243;][vc_single_image image=&#8221;35395&#8243; img_size=&#8221;medium&#8221; alignment=&#8221;center&#8221;][\/vc_column_inner][\/vc_row_inner][vc_column_text]<\/p>\n<h2 align=\"center\">ONZE AANBIEDINGEN<\/h2>\n<p>[\/vc_column_text]<div class=\"clearboth\"><\/div><style>#thegem-divider-6a0031e1c5679 {margin-top: 30px !important;}<\/style><div id=\"thegem-divider-6a0031e1c5679\" class=\"gem-divider  \" style=\"\" ><\/div><div class=\"clearboth\"><\/div><style>#thegem-divider-6a0031e1c56a4 {margin-top: 30px !important;}<\/style><div id=\"thegem-divider-6a0031e1c56a4\" class=\"gem-divider  \" style=\"\" ><\/div><div class=\"clearboth\"><\/div><style>#thegem-divider-6a0031e1c56cd {margin-top: 30px !important;}<\/style><div id=\"thegem-divider-6a0031e1c56cd\" class=\"gem-divider  \" style=\"\" ><\/div><div class=\"clearboth\"><\/div><style>#thegem-divider-6a0031e1c56f6 {margin-top: 30px !important;}<\/style><div id=\"thegem-divider-6a0031e1c56f6\" class=\"gem-divider  \" style=\"\" ><\/div><\/div><\/div><\/div><div class=\"clearboth\"><\/div><style>#thegem-divider-6a0031e1c5744 {margin-top: 30px !important;}<\/style><div id=\"thegem-divider-6a0031e1c5744\" class=\"gem-divider  \" style=\"\" ><\/div>[vc_empty_space height=&#8221;128px&#8221;][\/vc_column][\/vc_row][vc_row css=&#8221;.vc_custom_1765637663369{background: #FFACEC url(https:\/\/www.aflahaye.nl\/wp-content\/uploads\/2025\/12\/Preparation-aux-examens-2-scaled.png?id=509313) !important;background-position: center !important;background-repeat: no-repeat !important;background-size: cover !important;}&#8221;][vc_column width=&#8221;1\/2&#8243; css=&#8221;.vc_custom_1766405237762{background-color: #FFFFFFCF !important;}&#8221;][vc_column_text css=&#8221;&#8221;]<\/p>\n<h3 style=\"text-align: left;\" align=\"center\">ONZE WEBINARS \u2013 VOORBEREIDING OP HET DELF\/DALF EN DELF JUNIOR<\/h3>\n<p>[\/vc_column_text]<div class=\"clearboth\"><\/div><style>#thegem-divider-6a0031e1c5785 {margin-top: 30px !important;}<\/style><div id=\"thegem-divider-6a0031e1c5785\" class=\"gem-divider  \" style=\"\" ><\/div>[vc_column_text css=&#8221;&#8221;]De Alliance Fran\u00e7aise van Den Haag organiseert regelmatig webinars die volledig gewijd zijn aan de voorbereiding op de DELF\/DALF- en DELF Junior-examens.<br \/>Deze sessies richten zich op kandidaten die de offici\u00eble certificeringen van het Gemeenschappelijk Europees Referentiekader voor Talen (ERK) beter willen begrijpen en hun voorbereiding willen optimaliseren.<br \/>Op het programma:<\/p>\n<ul>\n<li>Voorstelling van de examens: niveaus, beoordeelde vaardigheden en structuur van de toetsen.<\/li>\n<li>Het offici\u00eble kader: internationale erkenning en het nut van de diploma\u2019s.<\/li>\n<li>Methodologische tips en goede praktijken om elke toets succesvol af te leggen.<\/li>\n<\/ul>\n<p>Neem deel aan deze webinars en ga met vertrouwen en rust uw examen tegemoet.[\/vc_column_text]<div class=\"clearboth\"><\/div><style>#thegem-divider-6a0031e1c57c5 {margin-top: 30px !important;}<\/style><div id=\"thegem-divider-6a0031e1c57c5\" class=\"gem-divider  \" style=\"\" ><\/div>[\/vc_column][vc_column width=&#8221;1\/2&#8243;][vc_tta_accordion active_section=&#8221;33&#8243; collapsible_all=&#8221;true&#8221;][vc_tta_section title=&#8221;Klik voor meer informatie en data&#8221; tab_id=&#8221;1764777605331-e734446f-d5e4&#8243;][vc_column_text css=&#8221;&#8221;]<div class='kiosque-aec'><div\n data-module='classes'\n data-action='classes-list'\n data-param-id-etablishment-branch='1'\n data-param-id-period='0'\n data-param-id-classification='0'\n data-param-id-subject='1'\n data-param-id-main-level=''\n data-param-id-class-type='59'\n data-param-level-id='340'\n data-param-id-class-format='3'\n data-param-location='ONLINE'\n data-param-show-all-establishment='Y'\n data-param-primary-group-by=''\n data-param-secondary-group-by=''\n data-param-course-order-by=''\n data-param-lang='nl_NL'><\/div><\/div>[\/vc_column_text][\/vc_tta_section][\/vc_tta_accordion][\/vc_column][\/vc_row][vc_row css=&#8221;.vc_custom_1767977303802{background: #CFCF5A url(https:\/\/www.aflahaye.nl\/wp-content\/uploads\/2026\/01\/Preparation-aux-examens-2.png?id=509575) !important;background-position: center !important;background-repeat: no-repeat !important;background-size: cover !important;}&#8221;][vc_column width=&#8221;1\/2&#8243; css=&#8221;.vc_custom_1766405249082{background-color: #FFFFFFCF !important;}&#8221;][vc_column_text css=&#8221;&#8221;]<\/p>\n<h3 style=\"text-align: left;\" align=\"center\">ONZE DELF-WORKSHOPS \u2013 VOORBEREIDING OP HET DELF\/DALF EN DELF JUNIOR<\/h3>\n<p>[\/vc_column_text]<div class=\"clearboth\"><\/div><style>#thegem-divider-6a0031e1c5904 {margin-top: 30px !important;}<\/style><div id=\"thegem-divider-6a0031e1c5904\" class=\"gem-divider  \" style=\"\" ><\/div>[vc_column_text css=&#8221;&#8221;]De Alliance Fran\u00e7aise van Den Haag biedt DELF-voorbereidingsworkshops aan die ontworpen zijn om u te helpen slagen voor uw offici\u00eble certificering.<br \/>Deze workshops zijn toegankelijk voor alle niveaus en bieden een volledige aanpak:<\/p>\n<p>\u2714 Voorstelling van het examen: structuur, beoordeelde vaardigheden en succescriteria.<br \/>\u2714 Advies en strategie\u00ebn om uw prestaties te optimaliseren.<br \/>\u2714 Praktische toepassing: training op een offici\u00eble DELF-toets om vertrouwd te raken met echte examenomstandigheden.<\/p>\n<p>Deze workshops worden gegeven door ervaren docenten en stellen u in staat om uw examen met vertrouwen en rust tegemoet te gaan.[\/vc_column_text]<div class=\"clearboth\"><\/div><style>#thegem-divider-6a0031e1c594a {margin-top: 30px !important;}<\/style><div id=\"thegem-divider-6a0031e1c594a\" class=\"gem-divider  \" style=\"\" ><\/div>[\/vc_column][vc_column width=&#8221;1\/2&#8243;][vc_tta_accordion active_section=&#8221;33&#8243; collapsible_all=&#8221;true&#8221;][vc_tta_section title=&#8221;Klik voor meer informatie en data&#8221; tab_id=&#8221;1765547352072-e62f5843-19d8&#8243;][vc_column_text css=&#8221;&#8221;]<div class='kiosque-aec'><div\n data-module='classes'\n data-action='classes-list'\n data-param-id-etablishment-branch='1'\n data-param-id-period='0'\n data-param-id-classification='0'\n data-param-id-subject='1'\n data-param-id-main-level=''\n data-param-id-class-type='60'\n data-param-level-id='340'\n data-param-id-class-format='2'\n data-param-location=''\n data-param-show-all-establishment='Y'\n data-param-primary-group-by=''\n data-param-secondary-group-by=''\n data-param-course-order-by=''\n data-param-lang='nl_NL'><\/div><\/div>[\/vc_column_text][\/vc_tta_section][\/vc_tta_accordion][\/vc_column][\/vc_row][vc_row css=&#8221;.vc_custom_1767976831322{background: #E2A9F1 url(https:\/\/www.aflahaye.nl\/wp-content\/uploads\/2026\/01\/Preparation-aux-examens-1.png?id=509571) !important;background-position: center !important;background-repeat: no-repeat !important;background-size: cover !important;}&#8221;][vc_column width=&#8221;1\/2&#8243; css=&#8221;.vc_custom_1766405259960{background-color: #FFFFFFCF !important;}&#8221;][vc_column_text css=&#8221;&#8221;]<\/p>\n<h3 style=\"text-align: left;\" align=\"center\">ONZE PRIV\u00c9LESSEN TER VOORBEREIDING OP DE EXAMENS<br \/>\nBEREID UW DELF\/DALF \/ TCF \/ TEF \/ DFP VOOR MET EEN ERVAREN DOCENT<\/h3>\n<p>[\/vc_column_text]<div class=\"clearboth\"><\/div><style>#thegem-divider-6a0031e1c59fe {margin-top: 30px !important;}<\/style><div id=\"thegem-divider-6a0031e1c59fe\" class=\"gem-divider  \" style=\"\" ><\/div>[vc_column_text css=&#8221;&#8221;]Vergroot uw slaagkansen met onze priv\u00e9lessen op maat:<\/p>\n<p>\u2714 5 uur persoonlijke begeleiding met een ervaren docent<br \/>\u2714 Proefexamens om te oefenen in echte examenomstandigheden<br \/>\u2714 Persoonlijk advies en strategie\u00ebn voor elke toets<\/p>\n<p>Bereid u optimaal voor op het DELF, DALF, TCF, TEF of DFP en ga met volledige vertrouwen uw examen tegemoet !<\/p>\n<p>\ud83d\udcc5 Op afspraak | \ud83d\udcbb Fysiek of online<\/p>\n<p>(Reserveren zonder aankoopverplichting)[\/vc_column_text]<div class=\"clearboth\"><\/div><style>#thegem-divider-6a0031e1c5a3d {margin-top: 30px !important;}<\/style><div id=\"thegem-divider-6a0031e1c5a3d\" class=\"gem-divider  \" style=\"\" ><\/div>[\/vc_column][vc_column width=&#8221;1\/2&#8243;][vc_tta_accordion active_section=&#8221;33&#8243; collapsible_all=&#8221;true&#8221;][vc_tta_section title=&#8221;Klik voor meer informatie&#8221; tab_id=&#8221;1765547314691-94666127-c041&#8243;][vc_column_text css=&#8221;&#8221;]<div class='kiosque-aec'><div\n data-module='classes'\n data-action='classes-list'\n data-param-id-etablishment-branch='1'\n data-param-id-period='0'\n data-param-id-classification='0'\n data-param-id-subject='1'\n data-param-id-main-level=''\n data-param-id-class-type='23'\n data-param-level-id='340'\n data-param-id-class-format='2'\n data-param-location=''\n data-param-show-all-establishment='Y'\n data-param-primary-group-by=''\n data-param-secondary-group-by=''\n data-param-course-order-by=''\n data-param-lang='nl_NL'><\/div><\/div>[\/vc_column_text][\/vc_tta_section][\/vc_tta_accordion][\/vc_column][\/vc_row][vc_row css=&#8221;.vc_custom_1767976851954{background: #FAD02C url(https:\/\/www.aflahaye.nl\/wp-content\/uploads\/2025\/12\/Preparation-aux-examens-5-scaled.png?id=509322) !important;background-position: center !important;background-repeat: no-repeat !important;background-size: cover !important;}&#8221;][vc_column width=&#8221;1\/2&#8243; css=&#8221;.vc_custom_1766405270580{background-color: #FFFFFFCF !important;}&#8221;][vc_column_text css=&#8221;&#8221;]<\/p>\n<h3 style=\"text-align: left;\" align=\"center\">ONZE ONLINE VOORBEREIDINGSACTIVITEITEN \u2013 DELF\/DALF \/ TCF \/ TEF \/ DFP<\/h3>\n<p>[\/vc_column_text]<div class=\"clearboth\"><\/div><style>#thegem-divider-6a0031e1c5ae2 {margin-top: 30px !important;}<\/style><div id=\"thegem-divider-6a0031e1c5ae2\" class=\"gem-divider  \" style=\"\" ><\/div>[vc_column_text css=&#8221;&#8221;]De Alliance Fran\u00e7aise van Den Haag biedt <strong>online trainingen<\/strong> aan om u effectief voor te bereiden op uw offici\u00eble examens:<\/p>\n<p><strong>DELF B1 en B2, TCF, TEF, DFP Business (A1 tot B2).<\/strong><\/p>\n<p>Dankzij het platform <strong>PrepMyFuture<\/strong> profiteert u van een innovatief en gebruiksvriendelijk hulpmiddel om in uw eigen tempo te oefenen:<\/p>\n<p>\u2714 <strong>Toegang 24\/7<\/strong> vanaf uw computer, tablet of smartphone<br \/>\u2714 <strong>Offici\u00eble inhoud die voldoet aan de examenvereisten<\/strong><br \/>\u2714 <strong>Interactieve oefeningen met gedetailleerde<\/strong> correcties om uw fouten te begrijpen<br \/>\u2714 <strong>Persoonlijke opvolging<\/strong>: statistieken, voortgang en aanbevelingen<br \/>\u2714 <strong>Proefexamens<\/strong> om te oefenen onder echte examenomstandigheden<br \/>\n[\/vc_column_text]<div class=\"clearboth\"><\/div><style>#thegem-divider-6a0031e1c5b1d {margin-top: 30px !important;}<\/style><div id=\"thegem-divider-6a0031e1c5b1d\" class=\"gem-divider  \" style=\"\" ><\/div>[\/vc_column][vc_column width=&#8221;1\/2&#8243;][vc_tta_accordion active_section=&#8221;33&#8243; collapsible_all=&#8221;true&#8221;][vc_tta_section title=&#8221;Klik hier voor onze DELF-oefenactiviteiten&#8221; tab_id=&#8221;1765547262721-a42e3fef-4f8a&#8221;][vc_column_text css=&#8221;&#8221;]<div class='kiosque-aec'><div\n data-module='products'\n data-action='show-products'\n data-param-product-type='38'\n data-param-etablishment-branch-id=''\n data-param-show-category-title=''\n data-param-lang='nl_NL'><\/div><\/div>[\/vc_column_text][\/vc_tta_section][\/vc_tta_accordion][vc_tta_accordion active_section=&#8221;33&#8243; collapsible_all=&#8221;true&#8221;][vc_tta_section title=&#8221;Klik hier voor onze TCF-oefenactiviteiten&#8221; tab_id=&#8221;1766568697296-f10ac17c-a1cc&#8221;][vc_column_text css=&#8221;&#8221;]<div class='kiosque-aec'><div\n data-module='products'\n data-action='show-products'\n data-param-product-type='51'\n data-param-etablishment-branch-id=''\n data-param-show-category-title=''\n data-param-lang='nl_NL'><\/div><\/div>[\/vc_column_text][\/vc_tta_section][\/vc_tta_accordion][vc_tta_accordion active_section=&#8221;33&#8243; collapsible_all=&#8221;true&#8221;][vc_tta_section title=&#8221;Klik hier voor onze TEF-oefenactiviteiten&#8221; tab_id=&#8221;1766568712108-cd133f92-c5f7&#8243;][vc_column_text css=&#8221;&#8221;]<div class='kiosque-aec'><div\n data-module='products'\n data-action='show-products'\n data-param-product-type='52'\n data-param-etablishment-branch-id=''\n data-param-show-category-title=''\n data-param-lang='nl_NL'><\/div><\/div>[\/vc_column_text][\/vc_tta_section][\/vc_tta_accordion][vc_tta_accordion active_section=&#8221;33&#8243; collapsible_all=&#8221;true&#8221;][vc_tta_section title=&#8221;Klik hier voor onze DFP-oefenactiviteiten&#8221; tab_id=&#8221;1766568723678-123aacb3-a495&#8243;][vc_column_text css=&#8221;&#8221;]<div class='kiosque-aec'><div\n data-module='products'\n data-action='show-products'\n data-param-product-type='50'\n data-param-etablishment-branch-id=''\n data-param-show-category-title=''\n data-param-lang='nl_NL'><\/div><\/div>[\/vc_column_text][\/vc_tta_section][\/vc_tta_accordion][\/vc_column][\/vc_row][vc_row css=&#8221;.vc_custom_1767976880889{background: #009FDF url(https:\/\/www.aflahaye.nl\/wp-content\/uploads\/2025\/12\/Preparation-aux-examens-6-scaled.png?id=509325) !important;background-position: center !important;background-repeat: no-repeat !important;background-size: cover !important;}&#8221;][vc_column width=&#8221;1\/2&#8243; css=&#8221;.vc_custom_1766405282616{background-color: #FFFFFFCF !important;}&#8221;][vc_column_text css=&#8221;&#8221;]<\/p>\n<h3 style=\"text-align: left;\" align=\"center\">ONZE OFFICI\u00cbLE OEFENTOETSEN DELF\/DALF EN DELF JUNIOR<\/h3>\n<p>[\/vc_column_text]<div class=\"clearboth\"><\/div><style>#thegem-divider-6a0031e1c5c9a {margin-top: 30px !important;}<\/style><div id=\"thegem-divider-6a0031e1c5c9a\" class=\"gem-divider  \" style=\"\" ><\/div>[vc_column_text css=&#8221;&#8221;]Bereid u doeltreffend voor met onze <strong>offici\u00eble oefentests<\/strong> voor alle niveaus:<\/p>\n<p><strong>DELF A1 tot DALF C1<\/strong>, evenals <strong>DELF Junior \/ Scolair van A1 tot B2<\/strong>.<\/p>\n<p>Deze oefenexamens stellen kandidaten in staat om vertrouwd te raken met het examenformat en zich voor te bereiden in <strong>re\u00eble omstandigheden<\/strong>, v\u00f3\u00f3r deelname aan het offici\u00eble examen.<\/p>\n<p>De oefentests zijn bedoeld voor <strong>jongeren en volwassenen<\/strong> die zich willen voorbereiden op het DELF \u00ab tout public \u00bb of \u00ab junior \/ scolair \u00bb (A1, A2, B1 en B2).<\/p>\n<p>Kandidaten worden in <strong>examensituatie<\/strong> geplaatst en de centra verbinden zich ertoe dezelfde regels inzake <strong>toezicht<\/strong> en <strong>vertrouwelijkheid van de examenonderwerpen<\/strong> te respecteren als tijdens een offici\u00eble DELF-sessie.<\/p>\n<p>De evaluatie heeft betrekking op:<\/p>\n<ul>\n<li>de <strong>luistervaardigheid<\/strong><\/li>\n<li>de <strong>leesvaardigheid<\/strong><\/li>\n<\/ul>\n<p>Een ideale stap om uw niveau te bepalen, zelfvertrouwen op te bouwen en uw slaagkansen te vergroten.<br \/>\n[\/vc_column_text]<div class=\"clearboth\"><\/div><style>#thegem-divider-6a0031e1c5ccd {margin-top: 30px !important;}<\/style><div id=\"thegem-divider-6a0031e1c5ccd\" class=\"gem-divider  \" style=\"\" ><\/div>[\/vc_column][vc_column width=&#8221;1\/2&#8243;][vc_tta_accordion active_section=&#8221;33&#8243; collapsible_all=&#8221;true&#8221;][vc_tta_section title=&#8221;Klik hier om onze oefentoetssessies DELF-DALF (tout public) niveau A1 te bekijken&#8221; tab_id=&#8221;1765547155595-b6448f93-615e&#8221;][vc_column_text css=&#8221;&#8221;]<div class='kiosque-aec'><div\n data-module='examination'\n data-action='examination-type-detail'\n data-param-examination-type-id='61'\n data-param-etablishment-branch-id=''\n data-param-lang='nl_NL'><\/div><\/div>[\/vc_column_text][\/vc_tta_section][vc_tta_section title=&#8221;Klik hier om onze oefentoetssessies DELF-DALF (tout public) niveau A2 te bekijken&#8221; tab_id=&#8221;1767975618634-133c0cd1-092b&#8221;][vc_column_text css=&#8221;&#8221;]<div class='kiosque-aec'><div\n data-module='examination'\n data-action='examination-type-detail'\n data-param-examination-type-id='62'\n data-param-etablishment-branch-id=''\n data-param-lang='nl_NL'><\/div><\/div>[\/vc_column_text][\/vc_tta_section][vc_tta_section title=&#8221;Klik hier om onze oefentoetssessies DELF-DALF (tout public) niveau B1 te bekijken&#8221; tab_id=&#8221;1767975687256-c5bf288e-ac9f&#8221;][vc_column_text css=&#8221;&#8221;]<div class='kiosque-aec'><div\n data-module='examination'\n data-action='examination-type-detail'\n data-param-examination-type-id='63'\n data-param-etablishment-branch-id=''\n data-param-lang='nl_NL'><\/div><\/div>[\/vc_column_text][\/vc_tta_section][vc_tta_section title=&#8221;Klik hier om onze oefentoetssessies DELF-DALF (tout public) niveau B2 te bekijken&#8221; tab_id=&#8221;1767975698137-a683ec54-8015&#8243;][vc_column_text css=&#8221;&#8221;]<div class='kiosque-aec'><div\n data-module='examination'\n data-action='examination-type-detail'\n data-param-examination-type-id='64'\n data-param-etablishment-branch-id=''\n data-param-lang='nl_NL'><\/div><\/div>[\/vc_column_text][\/vc_tta_section][vc_tta_section title=&#8221;Klik hier om onze oefentoetssessies DELF-DALF (tout public) niveau C1 te bekijken&#8221; tab_id=&#8221;1767975707473-e168b965-b03c&#8221;][vc_column_text css=&#8221;&#8221;]<div class='kiosque-aec'><div\n data-module='examination'\n data-action='examination-type-detail'\n data-param-examination-type-id='94'\n data-param-etablishment-branch-id=''\n data-param-lang='nl_NL'><\/div><\/div>[\/vc_column_text][\/vc_tta_section][\/vc_tta_accordion][vc_tta_accordion active_section=&#8221;33&#8243; collapsible_all=&#8221;true&#8221;][vc_tta_section title=&#8221;Klik hier om onze oefentoetssessies DELF Junior niveau A1 te bekijken&#8221; tab_id=&#8221;1765547155651-e5aed4d9-904f&#8221;][vc_column_text css=&#8221;&#8221;]<div class='kiosque-aec'><div\n data-module='examination'\n data-action='examination-type-detail'\n data-param-examination-type-id='89'\n data-param-etablishment-branch-id=''\n data-param-lang='nl_NL'><\/div><\/div>[\/vc_column_text][\/vc_tta_section][vc_tta_section title=&#8221;Klik hier om onze oefentoetssessies DELF Junior niveau A2 te bekijken&#8221; tab_id=&#8221;1767975889689-1be9fa9b-2019&#8243;][vc_column_text css=&#8221;&#8221;]<div class='kiosque-aec'><div\n data-module='examination'\n data-action='examination-type-detail'\n data-param-examination-type-id='90'\n data-param-etablishment-branch-id=''\n data-param-lang='nl_NL'><\/div><\/div>[\/vc_column_text][\/vc_tta_section][vc_tta_section title=&#8221;Klik hier om onze oefentoetssessies DELF Junior niveau B1 te bekijken&#8221; tab_id=&#8221;1767975897344-6fc957bb-0de9&#8243;][vc_column_text css=&#8221;&#8221;]<div class='kiosque-aec'><div\n data-module='examination'\n data-action='examination-type-detail'\n data-param-examination-type-id='91'\n data-param-etablishment-branch-id=''\n data-param-lang='nl_NL'><\/div><\/div>[\/vc_column_text][\/vc_tta_section][vc_tta_section title=&#8221;Klik hier om onze oefentoetssessies DELF Junior niveau B2 te bekijken&#8221; tab_id=&#8221;1767975907832-34feb281-5ef3&#8243;][vc_column_text css=&#8221;&#8221;]<div class='kiosque-aec'><div\n data-module='examination'\n data-action='examination-type-detail'\n data-param-examination-type-id='92'\n data-param-etablishment-branch-id=''\n data-param-lang='nl_NL'><\/div><\/div>[\/vc_column_text][\/vc_tta_section][\/vc_tta_accordion][\/vc_column][\/vc_row][vc_row][vc_column]<div id=\"fullwidth-block-6a0031e1c5f40\" class=\"fullwidth-block clearfix\"  style=\"color: #999999;\"><script type=\"text\/javascript\">if (typeof(gem_fix_fullwidth_position) == \"function\") { gem_fix_fullwidth_position(document.getElementById(\"fullwidth-block-6a0031e1c5f40\")); }<\/script><div class=\"fullwidth-block-inner\">[vc_row_inner equal_height=&#8221;yes&#8221; css=&#8221;.vc_custom_1570177186955{background-color: #eceeef !important;}&#8221;][vc_column_inner css=&#8221;.vc_custom_1570354546517{background-color: #eceeef !important;}&#8221;]<div class=\"centered-box\"><div class=\"gem-icon gem-icon-pack-fontawesome gem-icon-size-small  gem-icon-shape-romb \"  style=\"border-color: #ffffff;margin-top: -85px;border-color: #999999;opacity: 1;\"><div class=\"gem-icon-inner\" style=\"background-color: #ffffff;\"><div class=\"romb-icon-conteiner\"><span class=\"gem-icon-half-1\" style=\"color: #999999;\"><span class=\"back-angle\">&#xf19c;<\/span><\/span><span class=\"gem-icon-half-2\" style=\"color: #999999;\"><span class=\"back-angle\">&#xf19c;<\/span><\/span><\/div><\/div><\/div><\/div>[vc_column_text]<\/p>\n<h4 align=\"center\">Officieel centrum<\/h4>\n<p>[\/vc_column_text][vc_column_text css=&#8221;&#8221;]<\/p>\n<p align=\"center\">Het enige offici\u00eble centrum voor Franse certificeringen zoals DELF \/ DALF en TCF, met gecertificeerde en gediplomeerde docenten.<\/p>\n<p>[\/vc_column_text][vc_single_image image=&#8221;500432&#8243; img_size=&#8221;256&#215;256&#8243; alignment=&#8221;center&#8221; style=&#8221;vc_box_circle_2&#8243;][vc_column_text css=&#8221;&#8221;]<\/p>\n<p align=\"center\">Officieel centrum voor Franse certificeringen zoals TEF en DFP, met gecertificeerde en gediplomeerde docenten.<\/p>\n<p>[\/vc_column_text][vc_single_image image=&#8221;509015&#8243; img_size=&#8221;256&#215;256&#8243; alignment=&#8221;center&#8221; style=&#8221;vc_box_circle_2&#8243; css=&#8221;&#8221;][\/vc_column_inner][\/vc_row_inner][vc_empty_space height=&#8221;64px&#8221;]<\/div><\/div>[vc_empty_space][\/vc_column][\/vc_row][vc_row][vc_column][\/vc_column][\/vc_row]<\/p>\n<\/div>","protected":false},"excerpt":{"rendered":"<p>[vc_row disable_custom_paddings_mobile=&#8221;true&#8221; css=&#8221;.vc_custom_1570088703465{margin-top: -10px !important;margin-bottom: 0px !important;}&#8221; el_id=&#8221;details&#8221;][vc_column][vc_empty_space height=&#8221;128px&#8221;][\/vc_column][\/vc_row][vc_row css=&#8221;.vc_custom_1765637663369{background: #FFACEC url(https:\/\/www.aflahaye.nl\/wp-content\/uploads\/2025\/12\/Preparation-aux-examens-2-scaled.png?id=509313) !important;background-position: center !important;background-repeat: no-repeat !important;background-size: cover !important;}&#8221;][vc_column width=&#8221;1\/2&#8243;&#8230;<\/p>\n","protected":false},"author":1,"featured_media":0,"parent":39181,"menu_order":0,"comment_status":"closed","ping_status":"closed","template":"","meta":{"footnotes":""},"class_list":["post-38564","page","type-page","status-publish"],"jetpack_sharing_enabled":true,"_links":{"self":[{"href":"https:\/\/www.aflahaye.nl\/nl\/wp-json\/wp\/v2\/pages\/38564","targetHints":{"allow":["GET"]}}],"collection":[{"href":"https:\/\/www.aflahaye.nl\/nl\/wp-json\/wp\/v2\/pages"}],"about":[{"href":"https:\/\/www.aflahaye.nl\/nl\/wp-json\/wp\/v2\/types\/page"}],"author":[{"embeddable":true,"href":"https:\/\/www.aflahaye.nl\/nl\/wp-json\/wp\/v2\/users\/1"}],"replies":[{"embeddable":true,"href":"https:\/\/www.aflahaye.nl\/nl\/wp-json\/wp\/v2\/comments?post=38564"}],"version-history":[{"count":64,"href":"https:\/\/www.aflahaye.nl\/nl\/wp-json\/wp\/v2\/pages\/38564\/revisions"}],"predecessor-version":[{"id":509581,"href":"https:\/\/www.aflahaye.nl\/nl\/wp-json\/wp\/v2\/pages\/38564\/revisions\/509581"}],"up":[{"embeddable":true,"href":"https:\/\/www.aflahaye.nl\/nl\/wp-json\/wp\/v2\/pages\/39181"}],"wp:attachment":[{"href":"https:\/\/www.aflahaye.nl\/nl\/wp-json\/wp\/v2\/media?parent=38564"}],"curies":[{"name":"wp","href":"https:\/\/api.w.org\/{rel}","templated":true}]}}