{"id":38590,"date":"2019-10-06T17:33:42","date_gmt":"2019-10-06T15:33:42","guid":{"rendered":"https:\/\/edusharing.aflahaye.nl\/wordpress\/literatuur\/"},"modified":"2025-08-25T17:27:37","modified_gmt":"2025-08-25T15:27:37","slug":"literatuur","status":"publish","type":"page","link":"https:\/\/www.aflahaye.nl\/nl\/cursussen-frans\/workshops\/literatuur\/","title":{"rendered":"Literatuur"},"content":{"rendered":"<div class=\"wpb-content-wrapper\"><p>[vc_row disable_custom_paddings_mobile=&#8221;true&#8221; css=&#8221;.vc_custom_1570088703465{margin-top: -10px !important;margin-bottom: 0px !important;}&#8221; el_id=&#8221;details&#8221;][vc_column]<div id=\"fullwidth-block-69fda600b8f8f\" class=\"fullwidth-block clearfix\"  style=\"\"><script type=\"text\/javascript\">if (typeof(gem_fix_fullwidth_position) == \"function\") { gem_fix_fullwidth_position(document.getElementById(\"fullwidth-block-69fda600b8f8f\")); }<\/script><div class=\"fullwidth-block-inner\"><div class=\"container\">[vc_row_inner equal_height=&#8221;yes&#8221;][vc_column_inner width=&#8221;2\/3&#8243;][vc_column_text css_animation=&#8221;top-to-bottom&#8221;]<\/p>\n<h1>Litt\u00e9rature<\/h1>\n<p>[\/vc_column_text]<div class=\"clearboth\"><\/div><style>#thegem-divider-69fda600b901b {margin-top: 30px !important;}<\/style><div id=\"thegem-divider-69fda600b901b\" class=\"gem-divider  \" style=\"\" ><\/div>[vc_separator color=&#8221;custom&#8221; align=&#8221;align_left&#8221; el_width=&#8221;30&#8243; accent_color=&#8221;#d90f31&#8243;]<div class=\"clearboth\"><\/div><style>#thegem-divider-69fda600b9065 {margin-top: 30px !important;}<\/style><div id=\"thegem-divider-69fda600b9065\" class=\"gem-divider  \" style=\"\" ><\/div>[vc_column_text css_animation=&#8221;top-to-bottom&#8221;]Lors des cours de litt\u00e9rature, vous allez \u00e9changer autour de romans majeurs publi\u00e9s ces derni\u00e8res ann\u00e9es en langue fran\u00e7aise : fictions, biographies, etcetera. Vous allez discuter litt\u00e9rature en vous appuyant sur les analyses critiques d\u2019expert sur les \u0153uvres d\u2019auteurs tels que Modiano, Kundera et Houellebecq.<\/p>\n<ul>\n<li>Cercle de lecture : le niveau requis en fran\u00e7ais est au minimum A2<\/li>\n<li>Litt\u00e9rature : le niveau requis en fran\u00e7ais est au minimum B2 (fran\u00e7ais courant)<\/li>\n<\/ul>\n<p>[\/vc_column_text]<div class=\"clearboth\"><\/div><style>#thegem-divider-69fda600b9097 {margin-top: 30px !important;}<\/style><div id=\"thegem-divider-69fda600b9097\" class=\"gem-divider  \" style=\"\" ><\/div><div class=\"gem-button-container gem-button-position-left thegem-button-69fda600b91699536    \"  ><a class=\"gem-button gem-button-size-small gem-button-style-outline gem-button-text-weight-normal gem-button-border-2\" data-ll-effect=\"drop-right-without-wrap\" style=\"border-radius: 3px;\" onmouseleave=\"\" onmouseenter=\"\" href=\"#produits\" target=\"_self\">Choisir mon cours<\/a><\/div> [vc_empty_space height=&#8221;64px&#8221;][\/vc_column_inner][vc_column_inner width=&#8221;1\/3&#8243;][vc_single_image image=&#8221;35450&#8243; img_size=&#8221;medium&#8221; alignment=&#8221;center&#8221;][\/vc_column_inner][\/vc_row_inner]<\/div><\/div><\/div>[\/vc_column][\/vc_row][vc_row el_id=&#8221;produits&#8221;][vc_column width=&#8221;2\/3&#8243;][vc_column_text el_id=&#8221;#produits&#8221;]<\/p>\n<h2 align=\"center\">NOS Offres<\/h2>\n<p>[\/vc_column_text][vc_empty_space][vc_column_text]<span aria-hidden=\"true\"><div class='kiosque-aec'><div\n data-module='classes'\n data-action='courses-catalog'\n data-param-etablishment-branch-id='1'\n data-param-period-id=''\n data-param-classification-id='2'\n data-param-subject-id='1'\n data-param-class-type-id='21'\n data-param-level-id=''\n data-param-learning-pace=''\n data-param-sidebar=''\n data-param-class-format-id=''\n data-param-localization=''\n data-param-show-filter-choices=''\n data-param-lang='nl_NL'><\/div><\/div><\/span>[\/vc_column_text][\/vc_column][vc_column width=&#8221;1\/3&#8243;][\/vc_column][\/vc_row]<\/p>\n<\/div>","protected":false},"excerpt":{"rendered":"<p>[vc_row disable_custom_paddings_mobile=&#8221;true&#8221; css=&#8221;.vc_custom_1570088703465{margin-top: -10px !important;margin-bottom: 0px !important;}&#8221; el_id=&#8221;details&#8221;][vc_column][\/vc_column][\/vc_row][vc_row el_id=&#8221;produits&#8221;][vc_column width=&#8221;2\/3&#8243;][vc_column_text el_id=&#8221;#produits&#8221;] NOS Offres [\/vc_column_text][vc_empty_space][vc_column_text][\/vc_column_text][\/vc_column][vc_column width=&#8221;1\/3&#8243;][\/vc_column][\/vc_row]<\/p>\n","protected":false},"author":1,"featured_media":0,"parent":38558,"menu_order":0,"comment_status":"closed","ping_status":"closed","template":"","meta":{"footnotes":""},"class_list":["post-38590","page","type-page","status-publish"],"jetpack_sharing_enabled":true,"_links":{"self":[{"href":"https:\/\/www.aflahaye.nl\/nl\/wp-json\/wp\/v2\/pages\/38590","targetHints":{"allow":["GET"]}}],"collection":[{"href":"https:\/\/www.aflahaye.nl\/nl\/wp-json\/wp\/v2\/pages"}],"about":[{"href":"https:\/\/www.aflahaye.nl\/nl\/wp-json\/wp\/v2\/types\/page"}],"author":[{"embeddable":true,"href":"https:\/\/www.aflahaye.nl\/nl\/wp-json\/wp\/v2\/users\/1"}],"replies":[{"embeddable":true,"href":"https:\/\/www.aflahaye.nl\/nl\/wp-json\/wp\/v2\/comments?post=38590"}],"version-history":[{"count":13,"href":"https:\/\/www.aflahaye.nl\/nl\/wp-json\/wp\/v2\/pages\/38590\/revisions"}],"predecessor-version":[{"id":508254,"href":"https:\/\/www.aflahaye.nl\/nl\/wp-json\/wp\/v2\/pages\/38590\/revisions\/508254"}],"up":[{"embeddable":true,"href":"https:\/\/www.aflahaye.nl\/nl\/wp-json\/wp\/v2\/pages\/38558"}],"wp:attachment":[{"href":"https:\/\/www.aflahaye.nl\/nl\/wp-json\/wp\/v2\/media?parent=38590"}],"curies":[{"name":"wp","href":"https:\/\/api.w.org\/{rel}","templated":true}]}}