{"id":38694,"date":"2019-07-24T07:55:50","date_gmt":"2019-07-24T05:55:50","guid":{"rendered":"https:\/\/edusharing.aflahaye.nl\/wordpress\/algemene-verkoopvoorwaarden\/"},"modified":"2024-12-17T10:55:19","modified_gmt":"2024-12-17T09:55:19","slug":"algemene-verkoopvoorwaarden","status":"publish","type":"page","link":"https:\/\/www.aflahaye.nl\/nl\/algemene-verkoopvoorwaarden\/","title":{"rendered":"Algemene Verkoopvoorwaarden"},"content":{"rendered":"<div class=\"wpb-content-wrapper\"><p>[vc_row][vc_column][vc_column_text css=&#8221;&#8221;]<\/p>\n<div class=\"title-box clearfix \">\n<h2 class=\"title-box_primary\">ALGEMENE VERKOOPVOORWAARDEN<\/h2>\n<\/div>\n<h5>ARTIKEL 1 | AANVAARDING VAN DE ALGEMENE VOORWAARDEN<\/h5>\n<p>De algemene verkoopvoorwaarden bepalen de voorwaarden tussen de Alliance Fran\u00e7aise in Den Haag en de cli\u00ebnten\/studenten op gebied van inschrijving, behalve in uitzonderingsgevallen die uitdrukkelijk schriftelijk zijn vastgelegd. Door een bestelling te plaatsen en\/of zich in te schrijven, accepteert de cli\u00ebnt en\/of student deze algemene voorwaarden. Deze voorwaarden zijn van toepassing vanaf het moment dat de cli\u00ebnt of student zich heeft ingeschreven.<\/p>\n<h5>ARTIKEL 2 | LEEFTIJDSGRENS<\/h5>\n<p>De student moet minimaal 18 jaar oud zijn om zich in te schrijven voor een opleiding bij de Alliance Fran\u00e7aise in Den Haag. Iemand die jonger dan 18 jaar is kan alleen worden ingeschreven voor een opleiding als een ouder of een voogd (degene die het formulier ondertekent) de volgende voorwaarden in acht neemt:<\/p>\n<ul>\n<li>Als er zich een aanpassings- of ander probleem voordoet in verband met de cursus, en op advies van de docent, kunnen wij de inschrijving annuleren. In dat geval ontvangt u een evenredige terugbetaling van het betaalde bedrag.<\/li>\n<li>De klas waarin de minderjarige is ingeschreven, is bedoeld voor volwassenen en wordt gegeven in een leeromgeving die is afgestemd op volwassenen.Wij zijn niet verantwoordelijk voor zaken die niet gerelateerd zijn aan de volwassen studenten. Met uw inschrijving gaat u akkoord met deze algemene voorwaarden.<\/li>\n<\/ul>\n<h5>ARTIKEL 3 | INSCHRIJVINGSVOORWAARDEN EN -FORMALITEITEN<\/h5>\n<p>Alle inschrijvingen zijn persoonlijk en kunnen niet worden overgedragen. Door de inschrijving te bevestigen, is de klant verplicht om de opleiding te volgen of te laten volgen door een student, met de mogelijkheid om te annuleren of uit te stellen volgens artikel 5.<\/p>\n<p>Voor de standaardlessen het belangrijk om in het bezit te zijn van het lesmateriaal.<\/p>\n<h5><span style=\"letter-spacing: 0.05em;\">ARTIKEL 4 | WEIGERING VAN INSCHRIJVING<\/span><\/h5>\n<p>De Alliance Fran\u00e7aise in Den Haag heeft het recht om een inschrijving of verlenging voor een opleiding te weigeren, vooral in geval van ongepast gedrag door een student, zoals beschreven in de \u2018interne gedragsregels\u2019.<\/p>\n<h5><b>ARTIKEL 5 | INTREKKINGSSRECHT \u2013 UITSTEL VAN INSCHRIJVING EN TERUGBETALING<\/b><\/h5>\n<p>Indien de inschrijving binnen twee weken na de start van de lesperiode wordt geannuleerd, worden de opleidingskosten terugbetaald, mits het volledig ingevulde terugbetalingsverzoek is ontvangen. In dat geval wordt er \u20ac 50 aan administratiekosten ingehouden.<\/p>\n<p>Indien de deelname aan de opleiding meer dan twee weken na de start van de lessen wordt geannuleerd, worden de opleidingskosten niet terugbetaald. Enkel het resterende bedrag van de opleiding zal worden teruggestort.<\/p>\n<p>Daarnaast heeft het lid het recht om zijn inschrijving voor de opleiding uit te stellen tot zes maanden na de datum van het uitstelverzoek, op voorwaarde dat het volledig ingevulde tegoedverzoek is ontvangen. Het uitstel is van toepassing op een lesperiode volgens het door de Alliance Fran\u00e7aise in Den Haag vastgestelde schema.<\/p>\n<p>Uitstel in de vorm van een tegoed of terugbetaling wordt alleen verstrekt na ontvangst van het bijbehorende verzoek.<\/p>\n<p><strong>IN GEVAL VAN OVERMACHT<\/strong><\/p>\n<p>In geval van overmacht (zoals COVID, natuurrampen of overheidsmaatregelen) heeft de Alliance Fran\u00e7aise Den Haag het recht om de cursus of het lesprogramma te wijzigen, uit te stellen of te annuleren. Deze wijziging geeft geen recht op restitutie, maar kan wel leiden tot uitstel van de cursus of, in het geval van een volledig cursusprogramma, naar de volgende lesperiode.<\/p>\n<h5>ARTIKEL 6 | PRIJZEN EN BETALINGSMOGELIJKHEDEN<\/h5>\n<p>De prijzen van de opleiding staan vast en worden vermeld op alle communicatiemiddelen van de Alliance Fran\u00e7aise Den Haag (website, brochures, online aankoopplatform, enz.). Deze prijzen zijn inclusief:<\/p>\n<ul>\n<li>De cursuskosten;<\/li>\n<li>Een vast bedrag voor administratiekosten voor het hele jaar;<\/li>\n<li>De studie- en werkboeken die tijdens de cursus worden gebruikt. De kosten voor deze boeken worden niet terugbetaald.<\/li>\n<\/ul>\n<p>Het totale bedrag voor de opleiding (inclusief het lesgeld en cursusmateriaal) moet v\u00f3\u00f3r de start van de opleiding worden betaald, behalve als er per factuur wordt betaald. Eventuele overschrijvingskosten zijn voor rekening van de klant. Betaling in termijnen is mogelijk onder speciale voorwaarden: in twee termijnen voor volwassenen en in twee of drie termijnen voor kinderen. De administratie van Alliance Fran\u00e7aise Den Haag bepaalt de vervaldatum van deze termijnen. De Alliance Fran\u00e7aise Den Haag behoudt zich het recht voor om deelnemers die niet voldoen aan de inschrijvingsvoorwaarden zoals vermeld in artikel 3, de toegang te weigeren.<\/p>\n<h5>ARTIKEL 7 | VERLENGING VAN DE INSCHRIJVING<\/h5>\n<p>Een verlenging van de inschrijving is alleen rechtsgeldig als aan alle voorwaarden is voldaan v\u00f3\u00f3r de start van de opleiding, zoals vermeld in artikel 3.<\/p>\n<h5>ARTIKEL 8 | BETALINGSACHTERSTANDEN<\/h5>\n<p>Als een bedrag drie weken na inschrijving nog niet is betaald, wordt eenmalig \u20ac 50,00 (vijftig euro) in rekening gebracht.<\/p>\n<h5>ARTIKEL 9 | ANNULERING VAN DE OPLEIDING DOOR DE ALLIANCE FRAN\u00c7AISE IN DEN HAAG<\/h5>\n<p>De Alliance Fran\u00e7aise Den Haag behoudt zich het recht voor om een opleiding te annuleren, zelfs bij voldoende aanmeldingen, indien de instelling van mening is dat de opleiding niet veilig, van goede kwaliteit, of volgens het juiste beleid en onderwijs gegeven kan worden. Ook in geval van overmacht, bijzondere omstandigheden of als er minder dan vijf deelnemers zijn ingeschreven, kan de Alliance besluiten de opleiding te annuleren.<\/p>\n<p>Bij annulering van een opleiding ontvangt elke rechtsgeldig ingeschreven klant\/student een persoonlijke e-mail. De klant\/student krijgt de mogelijkheid om deel te nemen aan een andere opleiding, indien beschikbaar, of krijgt het bedrag teruggestort.<\/p>\n<p>De klant\/student moet binnen drie maanden na ontvangst van de annuleringsmail zijn keuze doorgeven voor een andere opleiding of kan het bedrag teruggestort krijgen. Na deze periode vervalt het recht op terugbetaling en wordt het bedrag toegewezen aan de Alliance Fran\u00e7aise Den Haag.<\/p>\n<p>Als de Alliance Fran\u00e7aise in Den Haag een cursus na de start van de cursusperiode moet annuleren en de student of klant zijn inschrijving wil annuleren, geldt de annulering alleen voor de toekomstige lessen. Inschrijf- en dossierkosten worden niet terugbetaald.<\/p>\n<p>De opleidingskosten worden berekend op basis van het aantal gemiste lessen, ongeacht of de student deze heeft gevolgd.<\/p>\n<h5>ARTIKEL 10 | UITREIKING VAN CERTIFICATEN \/ GETUIGSCHRIFT VAN DEELNAME<\/h5>\n<p>Op verzoek van de klant en\/of student verstrekt de Alliance Fran\u00e7aise Den Haag een bewijs van inschrijving en\/of deelname. Het bewijs van inschrijving wordt pas verstrekt nadat alle inschrijf- en opleidingskosten zijn betaald. Het bewijs van inschrijving en\/of getuigschrift wordt niet meer afgegeven na zes maanden na afloop van de opleiding.<\/p>\n<h5>ARTIKEL 11 | EVALUATIE VAN DE OPLEIDING \u2013 OVERGANG NAAR EEN HOGER NIVEAU<\/h5>\n<p>De doorstroming naar een hoger niveau is afhankelijk van het succesvol afronden van een verplichte eindbeoordeling, die aan het einde van elk niveau door de Alliance Fran\u00e7aise Den Haag wordt afgenomen. Informatie over de deelnamevoorwaarden aan deze evaluatie wordt verstrekt in de lokalen van de Alliance Fran\u00e7aise Den Haag. Als het niet mogelijk is om deel te nemen, zijn alternatieven mogelijk onder bijzondere voorwaarden.<\/p>\n<p>De niveautest van de Alliance Fran\u00e7aise in Den Haag is \u00e9\u00e9n jaar rechtsgeldig, gerekend vanaf de datum van de afname van de test. Na deze periode is een nieuwe plaatsingstest nodig om het niveau van de student te bepalen.<\/p>\n<h5>ARTIKEL 12 | IDENTIFICATIE VAN DE DOCENTEN EN DE LOKALEN<\/h5>\n<p>De Alliance Fran\u00e7aise in Den Haag is als enige bevoegd om de docent en de locaties van de cursussen te bepalen. Er bestaat geen recht op onderwijs door een specifieke docent en ook geen recht om les te krijgen of op een specifieke locatie.<\/p>\n<p>De Alliance Fran\u00e7aise Den Haag kan niet garanderen dat dezelfde docent het volledige opleidingstraject of een bepaalde periode verzorgt.<br \/>\nAls een docent afwezig is, zorgt de Alliance Fran\u00e7aise Den Haag dat de lessen door zullen gaan. Als het niet mogelijk is om een vervangende docent te regelen, worden de lessen verzet naar een andere datum.<\/p>\n<p>De Alliance Fran\u00e7aise in Den Haag is niet verantwoordelijk voor annulering of wijzigingen in het lesrooster als gevolg van het gedrag van een leerling of een derde partij.<\/p>\n<h5>ARTIKEL 13 | PORTRETRECHT<\/h5>\n<p>Tijdens de cursus kunnen we foto\u2019s maken van studenten (volwassenen\/kinderen), die gebruikt kunnen worden voor reclamedoeleinden op onze website en\/of in brochures. Door dit formulier te tekenen geeft u toestemming voor publicatie van deze foto\u2019s. Als u hiertegen bezwaar heeft, kunt u dit v\u00f3\u00f3r de start van de cursus schriftelijk aan ons doorgeven.<\/p>\n<p>Bij priv\u00e9- en groepscursussen, zowel online als in de klas, kunnen we de lessen opnemen. Door dit formulier te ondertekenen, geeft u toestemming voor het opnemen van de lessen en dat de ingeschreven deelnemers de opnames kunnen bekijken. Deze opnames blijven beschikbaar op het online platform van Alliance Fran\u00e7aise zolang het platform beschikbaar is. In artikel 14 leggen we uit hoe u toegang krijgt tot het Alliance Online platform.<\/p>\n<h5>ARTIKEL 14 | EIGENDOMSRECHTEN<\/h5>\n<p>De auteurs- en eigendomsrechten van het lesmateriaal behoren toe aan de auteur. Het materiaal mag niet worden gekopieerd, opgeslagen in een databank of openbaar gedeeld, behalve voor persoonlijk gebruik van de ingeschrevenen student.<\/p>\n<h5>ARTIKEL 15 | VERANTWOORDELIJKHEID VAN DE ALLIANCE FRAN\u00c7AISE IN DEN HAAG IN GEVAL VAN TEKORTKOMINGEN<\/h5>\n<p>De Alliance Fran\u00e7aise Den Haag is niet verantwoordelijk als de student de leerdoelen of certificaten niet haalt. De Alliance Fran\u00e7aise in dat geval alleen verplicht om zich in te spannen. De student verplicht zich de opleiding zorgvuldig en met inzet te volgen.<\/p>\n<h5>ARTIKEL 16 | INTERPRETATIE VOLGENS DE NEDERLANDSE VERSIE VAN DE ALGEMENE VOORWAARDEN<\/h5>\n<p>In geval van onduidelijkheid of tegenstrijdigheid tussen de verschillende vertalingen van de algemene voorwaarden, gelden de voorwaarden die in het Nederlands zijn opgesteld.<\/p>\n<p><strong>Kvk :<\/strong> 41160501<\/p>\n<p><strong>BTW \/ VAT :<\/strong> NL806246492B01<\/p>\n<h2><strong>BIJZONDERE VERKOOPVOORWAARDEN \/ PRIV\u00c9CURSUSSEN<\/strong><\/h2>\n<p>Door een priv\u00e9cursus bij de Alliance Fran\u00e7aise in Den Haag af te nemen, accepteert u het beleid, de procedures en de regels van de instelling. Dit betekent dat u akkoord gaat met de volgende voorwaarden. U bevestigt ook dat u bij uw inschrijving alle gegevens volledig en correct heeft ingevuld.<\/p>\n<p><strong>Artikel 1: Aanvaarding van de voorwaarden<\/strong><\/p>\n<p>Tenzij hiervan wordt afgeweken en\/of er wijzigingen zijn aangebracht door de volgende speciale voorwaarden, zijn de algemene verkoopvoorwaarden van de Alliance Fran\u00e7aise in Den Haag volledig van toepassing op de priv\u00e9cursussen.<\/p>\n<p><strong>Artikel 2: Inschrijving<\/strong><\/p>\n<ol>\n<li>Priv\u00e9cursussen worden op maat gegeven. Onze co\u00f6rdinator priv\u00e9cursussen stemt samen met de studenten en docenten een geschikt tijdstip af.<\/li>\n<li>Onze co\u00f6rdinator priv\u00e9cursussen werkt parttime en verwerkt aanvragen op volgorde van binnenkomst. Nieuwe aanvragen worden op een wachtlijst geplaatst.<\/li>\n<li>We streven ernaar zo snel mogelijk op aanvragen te reageren en houden rekening met operationele en logistieke beperkingen. Het advies aan studenten en\/of ouders\/voogden is minstens twee weken voor de gewenste startdatum van de priv\u00e9cursus hun aanvraag in te dienen.<\/li>\n<li>\u00a0Alle studenten moeten het online formulier voor priv\u00e9cursussen invullen voordat de co\u00f6rdinator van priv\u00e9cursussen de cursus kan plannen.<\/li>\n<\/ol>\n<p><strong>\u00a0Artikel 3: Uw opleiding samenstellen<\/strong><\/p>\n<ul>\n<li>Elke les duurt ten minste anderhalf uur.<\/li>\n<li>Priv\u00e9cursussen kunnen op de volgende adressen worden gegeven:<\/li>\n<\/ul>\n<p>Bij de Alliance Fran\u00e7aise in Den Haag: Emmapark 6, 2595 ET Den Haag;<\/p>\n<p>Of<\/p>\n<ul>\n<li>Op de locatie van uw voorkeur in Den Haag of binnen een straal van 8 km rondom Den Haag.<\/li>\n<li>Cursussen die aan huis worden gegeven, brengen extra kosten met zich mee om de reiskosten te dekken. Deze kosten worden berekend op basis van de afstand tussen de Alliance Fran\u00e7aise in Den Haag (Emmapark 6, 2595 ET) en de cursuslocatie.<\/li>\n<li>Priv\u00e9cursussen kunnen niet worden gegeven buiten de openingstijden van de Alliance Fran\u00e7aise in Den Haag, noch op sluitingsdagen of feestdagen.<\/li>\n<li>De Alliance Fran\u00e7aise in Den Haag kan priv\u00e9cursussen alleen bevestigen voor een \u2018voorgenomen periode\u2019, vanwege mogelijke veranderingen in de beschikbaarheid van lokalen en apparatuur. Aanpassingen in ons groepsrooster of andere evenementen kunnen de indeling van de lokalen be\u00efnvloeden.<\/li>\n<\/ul>\n<p><strong>Artikel 4: Bevestiging van uw cursus<\/strong><\/p>\n<ol>\n<li>Alle priv\u00e9cursussen moeten uiterlijk 48 uur voor de eerste bevestigde les volledig zijn betaald. Betaling kan in termijnen, maar dit moet vooraf worden afgesproken.<\/li>\n<li>Indien de Alliance Fran\u00e7aise Den Haag binnen drie werkdagen na bevestiging van de beschikbaarheid van een docent geen reactie per e-mail van u ontvangt, kan het gebeuren dat de docent voor een andere cursus wordt ingepland en daardoor niet meer beschikbaar is voor uw cursus.<\/li>\n<li>Bij verlenging van een pakket dient de volledige betaling te worden voldaan binnen 48 uur v\u00f3\u00f3r de eerste les van de verlenging<\/li>\n<li>Het urenpakket voor een cursus is beschikbaar volgens de onderstaande duur:<\/li>\n<\/ol>\n<table>\n<tbody>\n<tr>\n<td width=\"302\">Aantal ingeschreven uren<\/td>\n<td width=\"302\">Geldigheidsduur na de aanvangsdatum van de cursus<\/td>\n<\/tr>\n<tr>\n<td width=\"302\">Tot 10 uur<\/td>\n<td width=\"302\">10 weken<\/td>\n<\/tr>\n<tr>\n<td width=\"302\">Tot 20 uur<\/td>\n<td width=\"302\">15 weken<\/td>\n<\/tr>\n<tr>\n<td width=\"302\">Tot 30 uur<\/td>\n<td width=\"302\">25 weken<\/td>\n<\/tr>\n<tr>\n<td width=\"302\">Tot 40 uur<\/td>\n<td width=\"302\">30 weken<\/td>\n<\/tr>\n<tr>\n<td width=\"302\">Tot 50 uur<\/td>\n<td width=\"302\">40 weken<\/td>\n<\/tr>\n<tr>\n<td width=\"302\">Tot 60 uur<\/td>\n<td width=\"302\">45 weken<\/td>\n<\/tr>\n<tr>\n<td width=\"302\">Tot 70 uur<\/td>\n<td width=\"302\">50 weken<\/td>\n<\/tr>\n<\/tbody>\n<\/table>\n<p>&nbsp;<\/p>\n<ol start=\"5\">\n<li>Bij speciale cursussen zijn werkboeken en aanvullend materiaal niet inbegrepen, tenzij anders vermeld.<\/li>\n<li>Een cursus kan beginnen zodra het niveau van de student is vastgesteld en de offici\u00eble goedkeuring in orde is.<\/li>\n<\/ol>\n<p><strong>Artikel 5: Wijziging \/ Annulering \/ Uitstel van de priv\u00e9cursus<\/strong><\/p>\n<ol>\n<li>De Alliance Fran\u00e7aise Den Haag verwacht bij wijzigingen of annuleringen van een priv\u00e9cursus uiterlijk 24 uur voor aanvang een melding. Indien dit niet op tijd gebeurt, worden de geannuleerde uren in rekening gebracht bij de student of cli\u00ebnt.<\/li>\n<li>Wijzigingen of annulering moeten per e-mail verzonden worden aan <a href=\"mailto:secretariat02@aflahaye.nl\">secretariat02@aflahaye.nl<\/a> en <a href=\"mailto:info@aflahaye.nl\">info@aflahaye.nl<\/a> en telefonisch aan onze receptie worden doorgegeven op nummer 0031 +70 362 15 23.<\/li>\n<li>Annuleringen voor minderjarigen moeten door de ouders of voogd worden gedaan.<\/li>\n<li>Als u door een medische aandoening, ongeluk of letsel niet aan de cursus kunt deelnemen en de inschrijving niet binnen de genoemde termijn kunt annuleren, kan de Alliance Fran\u00e7aise in Den Haag hiermee rekening houden, mits bewijsstukken worden overlegd.<\/li>\n<li>Indien u arriveert\/begint na de afgesproken start van uw cursus zullen de studiekosten niet worden opgeschort en zal er geen teruggave of aanpassing naar evenredigheid worden toegekend.<\/li>\n<li>Voor semi-priv\u00e9cursussen is geen herverdeling van tegoeden mogelijk zodra de cursus is bevestigd en betaald. De Alliance Fran\u00e7aise in Den Haag kan niet verantwoordelijk worden gehouden voor wijzigingen die door studenten worden doorgevoerd vanwege hun professionele verplichtingen of persoonlijke omstandigheden, waardoor zij de semi-priv\u00e9cursus niet kunnen volgen.<\/li>\n<\/ol>\n<ol start=\"7\">\n<li>Als een student meer dan de helft van de afgesproken lestijd te laat is, heeft de docent het recht de locatie te verlaten zonder de student hiervan op de hoogte te stellen.<\/li>\n<li>Als een student niet meer kan deelnemen aan de rest van de cursus, kan er mogelijk een gedeeltelijk tegoed worden geregeld. Tegoeden kunnen alleen worden verstrekt bij de volgende onvoorziene omstandigheden:<\/li>\n<li>Ten gevolge van een ongeluk of letsel (bewijs vereist).<\/li>\n<li>Medische behandeling waardoor de student de cursus niet kan voltooien (bewijs vereist).<\/li>\n<li>Verzoeken om tegoeden moeten per e-mail worden gestuurd naar de co\u00f6rdinator van de priv\u00e9cursussen via <span style=\"color: #3366ff;\"><strong>secretariat02@aflahaye.nl<\/strong>.<\/span><\/li>\n<li>Het tegoed wordt berekend op basis van het aantal oorspronkelijk gekochte pakketuren, de betaalde uurprijs en het aantal resterende uren van het oorspronkelijke pakket.<\/li>\n<li>Strikte voorwaarden zijn van toepassing.<\/li>\n<li>Tegoeden kunnen niet in geld worden uitgekeerd.<\/li>\n<li>Tegoeden zijn 12 maanden geldig, te rekenen vanaf de datum dat de aanvraag is verwerkt.<\/li>\n<li>De geldigheid van een tegoed kan niet worden verlengd.<\/li>\n<li>Tegoeden zijn niet overdraagbaar.<\/li>\n<li>Er wordt geen restitutie gegeven voor administratieve kosten of voor lesmateriaal dat bij de receptie is afgehaald.<\/li>\n<li>De cli\u00ebnt\/student is verantwoordelijk voor het gebruiken van de cursusuren binnen de geldigheidsduur zoals aangegeven op de prijsopgave. Niet gebruikte uren worden niet terugbetaald.<\/li>\n<li>De Alliance Fran\u00e7aise in Den Haag heeft het recht om een cursus uit te stellen of te annuleren als deze niet onder optimale omstandigheden kan worden gegeven, met inachtneming van de afspraken met de docent en de student.<\/li>\n<\/ol>\n<p>&nbsp;<\/p>\n<h3>SPECIFIEKE VERKOOPVOORWAARDEN \/ EXAMENS<\/h3>\n<h5>ARTIKEL 1 | INSCHRIJVING<\/h5>\n<p>De inschrijving voor het examen verloopt via de website en is pas geldig na ontvangst van de volledige betaling. De student ontvangt vervolgens zijn oproep.<\/p>\n<h5>ARTIKEL 2 | INSCHRIJFGELD<\/h5>\n<p>Inschrijfgeld wordt niet gerestitueerd. Bij ziekte of onvoorziene omstandigheden kan het examen naar een latere sessie worden verplaatst, mits het examenbeheer schriftelijk wordt ge\u00efnformeerd (examens@aflahaye.nl) en de bewijsstukken worden overlegd (bijvoorbeeld een ziekteverklaring of vliegticket).<\/p>\n<h5>ARTIKEL 3 | DIPLOMA-VERZENDKOSTEN<\/h5>\n<p>De verzendkosten voor het diploma zijn voor rekening van de student.[\/vc_column_text][\/vc_column][\/vc_row]<\/p>\n<\/div>","protected":false},"excerpt":{"rendered":"<p>[vc_row][vc_column][vc_column_text css=&#8221;&#8221;] ALGEMENE VERKOOPVOORWAARDEN ARTIKEL 1 | AANVAARDING VAN DE ALGEMENE VOORWAARDEN De algemene verkoopvoorwaarden bepalen de voorwaarden tussen de&#8230;<\/p>\n","protected":false},"author":1,"featured_media":0,"parent":0,"menu_order":0,"comment_status":"closed","ping_status":"closed","template":"","meta":{"footnotes":""},"class_list":["post-38694","page","type-page","status-publish"],"jetpack_sharing_enabled":true,"_links":{"self":[{"href":"https:\/\/www.aflahaye.nl\/nl\/wp-json\/wp\/v2\/pages\/38694","targetHints":{"allow":["GET"]}}],"collection":[{"href":"https:\/\/www.aflahaye.nl\/nl\/wp-json\/wp\/v2\/pages"}],"about":[{"href":"https:\/\/www.aflahaye.nl\/nl\/wp-json\/wp\/v2\/types\/page"}],"author":[{"embeddable":true,"href":"https:\/\/www.aflahaye.nl\/nl\/wp-json\/wp\/v2\/users\/1"}],"replies":[{"embeddable":true,"href":"https:\/\/www.aflahaye.nl\/nl\/wp-json\/wp\/v2\/comments?post=38694"}],"version-history":[{"count":8,"href":"https:\/\/www.aflahaye.nl\/nl\/wp-json\/wp\/v2\/pages\/38694\/revisions"}],"predecessor-version":[{"id":505902,"href":"https:\/\/www.aflahaye.nl\/nl\/wp-json\/wp\/v2\/pages\/38694\/revisions\/505902"}],"wp:attachment":[{"href":"https:\/\/www.aflahaye.nl\/nl\/wp-json\/wp\/v2\/media?parent=38694"}],"curies":[{"name":"wp","href":"https:\/\/api.w.org\/{rel}","templated":true}]}}