{"id":502074,"date":"2023-06-28T14:14:36","date_gmt":"2023-06-28T12:14:36","guid":{"rendered":"https:\/\/www.aflahaye.nl\/kinderen\/kinderworkshops\/"},"modified":"2024-11-15T16:04:19","modified_gmt":"2024-11-15T15:04:19","slug":"kinderworkshops","status":"publish","type":"page","link":"https:\/\/www.aflahaye.nl\/nl\/kinderen\/kinderworkshops\/","title":{"rendered":"Hele jaar culturele activiteiten"},"content":{"rendered":"<div class=\"wpb-content-wrapper\"><p>[vc_row][vc_column width=&#8221;2\/3&#8243;][vc_column_text css=&#8221;&#8221;]<\/p>\n<h1>Workshops voor kinderen en tieners<\/h1>\n<p>&nbsp;[\/vc_column_text][vc_column_text]<\/p>\n<p>Notre \u00e9quipe de professeurs passionn\u00e9s propose une vari\u00e9t\u00e9 d&#8217;activit\u00e9s ludiques en fran\u00e7ais, con\u00e7ues pour enrichir l&#8217;exp\u00e9rience \u00e9ducative de vos enfants apr\u00e8s l&#8217;\u00e9cole.<\/p>\n<p><!-- \/wp:post-content --><\/p>\n<p><!-- wp:paragraph -->Dans nos <strong>ateliers de th\u00e9\u00e2tre<\/strong>, les \u00e9l\u00e8ves apprendront les bases du jeu d&#8217;acteur, d\u00e9velopperont leur confiance en eux et d\u00e9couvriront le plaisir de se mettre dans la peau de diff\u00e9rents personnages. Ils cr\u00e9eront des histoires captivantes et vivront des aventures th\u00e9\u00e2trales inoubliables.<\/p>\n<p><!-- \/wp:paragraph --><\/p>\n<p><!-- wp:paragraph -->Dans nos <strong>ateliers d&#8217;\u00e9veil musical<\/strong>, les m\u00e9lodies s&#8217;envolent et les rythmes s&#8217;animent ! Vos petits bouts d\u00e9velopperont leur sens du rythme, leur oreille musicale et leur capacit\u00e9 \u00e0 s&#8217;exprimer \u00e0 travers la musique avec d&#8217;autres enfants.<\/p>\n<p><!-- \/wp:paragraph --><\/p>\n<p><!-- wp:paragraph -->L&#8217;art est \u00e9galement \u00e0 l&#8217;honneur \u00e0 l&#8217;Alliance Fran\u00e7aise de La Haye. Nos <strong>ateliers d&#8217;art <\/strong>encouragent les enfants et les adolescents \u00e0 laisser libre cours \u00e0 leur cr\u00e9ativit\u00e9. \u00c0 travers des techniques vari\u00e9es, ils pourront exprimer leurs \u00e9motions, cr\u00e9er des \u0153uvres uniques et d\u00e9velopper leur connaissance des artistes francophones.<\/p>\n<p><!-- \/wp:paragraph --><\/p>\n<p><!-- wp:paragraph -->En participant \u00e0 nos activit\u00e9s, les enfants et adolescents pratiqueront le fran\u00e7ais de mani\u00e8re immersive tout en s&#8217;amusant et en d\u00e9couvrant de nouvelles passions.<\/p>\n<p>[\/vc_column_text][\/vc_column][vc_column width=&#8221;1\/3&#8243;][vc_single_image image=&#8221;505158&#8243; img_size=&#8221;large&#8221; css=&#8221;&#8221;][vc_separator css=&#8221;&#8221;][vc_images_carousel images=&#8221;490652,505113,494699,505144&#8243; img_size=&#8221;400&#215;284&#8243; autoplay=&#8221;yes&#8221; css=&#8221;&#8221;][\/vc_column][\/vc_row][vc_row][vc_column][vc_column_text css=&#8221;&#8221;]<\/p>\n<h1 class=\"wp-block-heading\">ONZE WORKSHOPS<\/h1>\n<ol>\n<li><strong>Workshop<\/strong><a href=\"https:\/\/www.aflahaye.nl\/nl\/workshop-scenarioschrijven\/#\/\"><strong>scenarioschrijven<\/strong><\/a><strong> met France LANGLOIS<\/strong><\/li>\n<li><strong>Workshop <\/strong><a href=\"https:\/\/www.aflahaye.nl\/nl\/?page_id=505134#\/\"><strong>digitaal stripverhaal<\/strong><\/a><strong> met Julie ORTET<\/strong><\/li>\n<li><strong>Workshop<\/strong><a href=\"https:\/\/www.aflahaye.nl\/nl\/?page_id=505108&#038;classificationIds=1&#038;levelsIds=310#\/\"><strong>oude muziek<\/strong><\/a><strong> met Pauline GEOFFROY<\/strong><\/li>\n<li><a href=\"https:\/\/www.aflahaye.nl\/nl\/?page_id=505125&#038;classificationIds=1#\/\"><strong>Theaterworkshop<\/strong><\/a><strong> met Pascal MILARD<\/strong><\/li>\n<\/ol>\n<p>[\/vc_column_text][\/vc_column][\/vc_row]<\/p>\n<\/div>","protected":false},"excerpt":{"rendered":"<p>[vc_row][vc_column width=&#8221;2\/3&#8243;][vc_column_text css=&#8221;&#8221;] Workshops voor kinderen en tieners &nbsp;[\/vc_column_text][vc_column_text] Notre \u00e9quipe de professeurs passionn\u00e9s propose une vari\u00e9t\u00e9 d&#8217;activit\u00e9s ludiques en&#8230;<\/p>\n","protected":false},"author":256,"featured_media":0,"parent":38608,"menu_order":0,"comment_status":"closed","ping_status":"closed","template":"","meta":{"footnotes":""},"class_list":["post-502074","page","type-page","status-publish"],"jetpack_sharing_enabled":true,"_links":{"self":[{"href":"https:\/\/www.aflahaye.nl\/nl\/wp-json\/wp\/v2\/pages\/502074","targetHints":{"allow":["GET"]}}],"collection":[{"href":"https:\/\/www.aflahaye.nl\/nl\/wp-json\/wp\/v2\/pages"}],"about":[{"href":"https:\/\/www.aflahaye.nl\/nl\/wp-json\/wp\/v2\/types\/page"}],"author":[{"embeddable":true,"href":"https:\/\/www.aflahaye.nl\/nl\/wp-json\/wp\/v2\/users\/256"}],"replies":[{"embeddable":true,"href":"https:\/\/www.aflahaye.nl\/nl\/wp-json\/wp\/v2\/comments?post=502074"}],"version-history":[{"count":32,"href":"https:\/\/www.aflahaye.nl\/nl\/wp-json\/wp\/v2\/pages\/502074\/revisions"}],"predecessor-version":[{"id":505164,"href":"https:\/\/www.aflahaye.nl\/nl\/wp-json\/wp\/v2\/pages\/502074\/revisions\/505164"}],"up":[{"embeddable":true,"href":"https:\/\/www.aflahaye.nl\/nl\/wp-json\/wp\/v2\/pages\/38608"}],"wp:attachment":[{"href":"https:\/\/www.aflahaye.nl\/nl\/wp-json\/wp\/v2\/media?parent=502074"}],"curies":[{"name":"wp","href":"https:\/\/api.w.org\/{rel}","templated":true}]}}