{"id":512467,"date":"2026-05-07T16:36:40","date_gmt":"2026-05-07T14:36:40","guid":{"rendered":"https:\/\/www.aflahaye.nl\/?page_id=512467"},"modified":"2026-05-08T09:22:35","modified_gmt":"2026-05-08T07:22:35","slug":"stage-de-theatre-en-francais","status":"publish","type":"page","link":"https:\/\/www.aflahaye.nl\/nl\/stage-de-theatre-en-francais\/","title":{"rendered":"Stage de th\u00e9\u00e2tre en fran\u00e7ais"},"content":{"rendered":"<div class=\"wpb-content-wrapper\">[vc_row][vc_column][vc_column_text css=&#8221;&#8221;]<h1 style=\"text-align: center;\">Stage de th\u00e9\u00e2tre\npendant les vacances d&#8217;\u00e9t\u00e9<\/h1>\n<h4 style=\"text-align: center;\">Pour les jeunes com\u00e9diennes et com\u00e9diens en herbe ! (\u00e0 partir de 8 ans)<\/h4>[\/vc_column_text][\/vc_column][\/vc_row][vc_row][vc_column width=&#8221;1\/2&#8243;][vc_column_text css=&#8221;&#8221;][\/vc_column_text][vc_tta_tabs][vc_tta_section title=&#8221;Description&#8221; tab_id=&#8221;1778164916080-b947fcdc-078d&#8221; el_class=&#8221;Pendant les vacances d&#8217;\u00e9t\u00e9, pour les jeunes com\u00e9diennes et com\u00e9diens en herbe ! (\u00e0 partir de 8 ans)  Offrez \u00e0 votre enfant une semaine immersive au c\u0153ur du th\u00e9\u00e2tre avec Prof Pascal, metteur en sc\u00e8ne de la troupe L\u2019Avalanche et professeur de th\u00e9\u00e2tre \u00e0 l&#8217;\u00e9cole primaire du Lyc\u00e9e fran\u00e7ais Vincent Van Gogh \u00e0 La Haye !  Au programme : exercices oratoires, improvisation, expression sc\u00e9nique et travail collectif autour d\u2019une v\u00e9ritable cr\u00e9ation th\u00e9\u00e2trale. Apr\u00e8s une semaine intensive riche en cr\u00e9ativit\u00e9 et en confiance en soi, les participants monteront sur sc\u00e8ne pour pr\u00e9senter leur pi\u00e8ce devant un vrai public\u2026 les parents !  \ud83d\uddd3 Du lundi au vendredi \ud83d\udd59 Horaires : 10h\u201313h \/ 14h\u201317h \ud83d\udcb6 Tarif : 490\u20ac la semaine&#8221;][vc_column_text css=&#8221;&#8221;]<div class=\"small-body styled-subtitle\"><span class=\"light\">Offrez \u00e0 votre enfant une semaine immersive au c\u0153ur du th\u00e9\u00e2tre avec Prof Pascal, metteur en sc\u00e8ne de la troupe <em>L\u2019Avalanche<\/em> et professeur de th\u00e9\u00e2tre \u00e0 l&#8217;\u00e9cole primaire du Lyc\u00e9e fran\u00e7ais Vincent Van Gogh \u00e0 La Haye !<\/span><\/div>\n<div class=\"small-body styled-subtitle\"><span class=\"light\"><\/span><\/div>\n<div>&nbsp;<\/div>\n<div class=\"small-body styled-subtitle\"><span class=\"light\">Au programme : exercices oratoires, improvisation, expression sc\u00e9nique et travail collectif autour d\u2019une v\u00e9ritable cr\u00e9ation th\u00e9\u00e2trale. Apr\u00e8s une semaine intensive riche en cr\u00e9ativit\u00e9 et en confiance en soi, les participants monteront sur sc\u00e8ne pour pr\u00e9senter leur pi\u00e8ce devant un vrai public\u2026 les parents !<\/span><\/div>\n<div>&nbsp;<\/div>\n<div class=\"small-body styled-subtitle\">\n<p><span class=\"light\"><\/span><\/p>\n<\/div>\n<div class=\"has-text-align-center small-body styled-subtitle\" style=\"text-align: center;\"><span class=\"light\">\ud83d\uddd3 Du lundi au vendredi<\/span><br><span class=\"light\">\ud83d\udd59 Horaires : 10h\u201313h \/ 14h\u201317h<\/span><br><span class=\"light\">\ud83d\udcb6 Tarif : 490\u20ac la semaine<\/span><\/div>[\/vc_column_text][\/vc_tta_section][vc_tta_section title=&#8221;Calendrier&#8221; tab_id=&#8221;1778164916080-20925bf6-442b&#8221;][vc_column_text css=&#8221;&#8221;]<h4 class=\"has-text-align-center has-medium-font-size\"><span class=\"stk-highlight\" style=\"color: #ff0000;\">Juillet 2026<\/span><\/h4>\n<div class=\"wp-block-group is-layout-constrained wp-block-group-is-layout-constrained\">\n<div class=\"wp-block-stackable-columns stk-block-columns stk-block stk-30e14cd\" data-block-id=\"30e14cd\">\n<div class=\"stk-row stk-inner-blocks stk-block-content stk-content-align stk-30e14cd-column\">\n<div class=\"wp-block-stackable-column stk-block-column stk-column stk-block stk-e9a5b4b\" data-v=\"4\" data-block-id=\"e9a5b4b\">\n<div class=\"stk-column-wrapper stk-block-column__content stk-container stk-e9a5b4b-container stk--no-background stk--no-padding\">\n<div class=\"stk--column-flex stk-block-content stk-inner-blocks stk-e9a5b4b-inner-blocks\">\n<p class=\"has-text-align-center has-small-font-size\">Du 6 juillet au 10 juillet<\/p>\n\n<\/div>\n<\/div>\n<\/div>\n<\/div>\n<\/div>\n<div class=\"wp-block-stackable-columns stk-block-columns stk-block stk-c7383ec\" data-block-id=\"c7383ec\">\n<div class=\"stk-row stk-inner-blocks stk-block-content stk-content-align stk-c7383ec-column\">\n<div class=\"wp-block-stackable-column stk-block-column stk-column stk-block stk-343d6a6\" data-v=\"4\" data-block-id=\"343d6a6\">\n<div class=\"stk-column-wrapper stk-block-column__content stk-container stk-343d6a6-container stk--no-background stk--no-padding\">\n<div class=\"stk--column-flex stk-block-content stk-inner-blocks stk-343d6a6-inner-blocks\">\n<p class=\"has-text-align-center has-small-font-size\">Du 13 juillet au 17 juillet<\/p>\n\n<\/div>\n<\/div>\n<\/div>\n<\/div>\n<\/div>\n<\/div>[\/vc_column_text][vc_separator color=&#8221;juicy_pink&#8221; css=&#8221;&#8221;][vc_column_text css=&#8221;&#8221;]<h4 class=\"has-text-align-center has-medium-font-size\"><span class=\"stk-highlight\" style=\"color: #ff0000;\">Ao\u00fbt 2026<\/span><\/h4>\n<div class=\"wp-block-group is-layout-constrained wp-block-group-is-layout-constrained\">\n<div class=\"wp-block-stackable-columns stk-block-columns stk-block stk-488fe92\" data-block-id=\"488fe92\">\n<div class=\"stk-row stk-inner-blocks stk-block-content stk-content-align stk-488fe92-column\">\n<div class=\"wp-block-stackable-column stk-block-column stk-column stk-block stk-af5e657\" data-v=\"4\" data-block-id=\"af5e657\">\n<div class=\"stk-column-wrapper stk-block-column__content stk-container stk-af5e657-container stk--no-background stk--no-padding\">\n<div class=\"stk--column-flex stk-block-content stk-inner-blocks stk-af5e657-inner-blocks\">\n<p class=\"has-text-align-center has-small-font-size\">Du 24 ao\u00fbt au 28 ao\u00fbt<\/p>\n\n<\/div>\n<\/div>\n<\/div>\n<\/div>\n<\/div>\n<\/div>[\/vc_column_text][\/vc_tta_section][vc_tta_section title=&#8221;S&#8217;INSCRIRE&#8221; tab_id=&#8221;1778164938528-bb035f26-af11&#8243;][vc_column_text css=&#8221;&#8221;]Les inscriptions seront ouvertes tr\u00e8s vite !\n<div class=\"title-h5\">Restez connect\u00e9s \ud83d\ude09<\/div>[\/vc_column_text][\/vc_tta_section][\/vc_tta_tabs][\/vc_column][vc_column width=&#8221;1\/2&#8243;][vc_single_image image=&#8221;512490&#8243; img_size=&#8221;945&#215;1181&#8243; css=&#8221;&#8221;][\/vc_column][\/vc_row]<\/div>","protected":false},"excerpt":{"rendered":"<p>[vc_row][vc_column][vc_column_text css=&#8221;&#8221;] Stage de th\u00e9\u00e2tre pendant les vacances d&#8217;\u00e9t\u00e9 Pour les jeunes com\u00e9diennes et com\u00e9diens en herbe ! (\u00e0 partir&#8230;<\/p>\n","protected":false},"author":59,"featured_media":0,"parent":0,"menu_order":0,"comment_status":"closed","ping_status":"closed","template":"","meta":{"footnotes":""},"class_list":["post-512467","page","type-page","status-publish"],"jetpack_sharing_enabled":true,"_links":{"self":[{"href":"https:\/\/www.aflahaye.nl\/nl\/wp-json\/wp\/v2\/pages\/512467","targetHints":{"allow":["GET"]}}],"collection":[{"href":"https:\/\/www.aflahaye.nl\/nl\/wp-json\/wp\/v2\/pages"}],"about":[{"href":"https:\/\/www.aflahaye.nl\/nl\/wp-json\/wp\/v2\/types\/page"}],"author":[{"embeddable":true,"href":"https:\/\/www.aflahaye.nl\/nl\/wp-json\/wp\/v2\/users\/59"}],"replies":[{"embeddable":true,"href":"https:\/\/www.aflahaye.nl\/nl\/wp-json\/wp\/v2\/comments?post=512467"}],"version-history":[{"count":6,"href":"https:\/\/www.aflahaye.nl\/nl\/wp-json\/wp\/v2\/pages\/512467\/revisions"}],"predecessor-version":[{"id":512495,"href":"https:\/\/www.aflahaye.nl\/nl\/wp-json\/wp\/v2\/pages\/512467\/revisions\/512495"}],"wp:attachment":[{"href":"https:\/\/www.aflahaye.nl\/nl\/wp-json\/wp\/v2\/media?parent=512467"}],"curies":[{"name":"wp","href":"https:\/\/api.w.org\/{rel}","templated":true}]}}